{"id":435,"date":"2025-10-26T01:01:00","date_gmt":"2025-10-26T01:01:00","guid":{"rendered":"https:\/\/hagamoslumbre.org\/?page_id=435"},"modified":"2025-10-26T01:27:09","modified_gmt":"2025-10-26T01:27:09","slug":"el-fin-de-las-primeras-veces","status":"publish","type":"page","link":"https:\/\/hagamoslumbre.org\/index.php\/el-fin-de-las-primeras-veces\/","title":{"rendered":"El fin de las primeras veces"},"content":{"rendered":"\n<p><strong>The last first time<\/strong><\/p>\n\n\n\n<p><strong>Ficci\u00f3n<\/strong>, <strong>M\u00e9xico<\/strong>, <strong>202<\/strong>5, <strong>76 min<\/strong>, <strong>Espa\u00f1ol<\/strong><\/p>\n\n\n\n<p><strong>Winner for Best Narrative<\/strong> feature 1st CinePride Film Festival Los \u00c1ngeles<\/p>\n\n\n\n<ul class=\"wp-block-list\">\n<li><a href=\"https:\/\/www.elfindelasprimerasveces.com\/espanol.html\">https:\/\/www.elfindelasprimerasveces.com\/espanol.html<\/a><\/li>\n<\/ul>\n\n\n\n<iframe loading=\"lazy\" width=\"560\" height=\"315\" src=\"https:\/\/www.youtube.com\/embed\/5XQAhSfXa5Y?si=-Hhrgz984t87zdmM\" title=\"YouTube video player\" frameborder=\"0\" allow=\"accelerometer; autoplay; clipboard-write; encrypted-media; gyroscope; picture-in-picture; web-share\" referrerpolicy=\"strict-origin-when-cross-origin\" allowfullscreen><\/iframe>\n\n\n\n<p>68th San Francisco Film Festival Cine Latino Competition<\/p>\n\n\n\n<p>28th Pink Apple Festival Zurich&nbsp;<\/p>\n\n\n\n<p>4th Queer Movie Nights Athens&nbsp;<\/p>\n\n\n\n<p>28th Revelation Perth International Film Festival Australia<\/p>\n\n\n\n<p>29th Mix Film Festival Mexico City<\/p>\n\n\n\n<p>28th Guanajuato International Film Festival<\/p>\n\n\n\n<p>22th OutFest Per\u00fa<\/p>\n\n\n\n<p>8th Cinema Queer M\u00e9xico<\/p>\n\n\n\n<p>37th Vancouver Queer Film Festival<\/p>\n\n\n\n<p>12th Everybody&#8217;s Perfect Geneva International Queer Film Festival<\/p>\n\n\n\n<p>35th Out On Film Atlanta<\/p>\n\n\n\n<p>12th Queer Film Festival Playa del Carmen<\/p>\n\n\n\n<p>13th Gran Fiesta de Cine Mexicano<\/p>\n\n\n\n<p>33th Mix Brasil Panorama Section&nbsp;<\/p>\n\n\n\n<p>4th Extop\u00eda36th Ch\u00e9ries-Ch\u00e9ris Paris Queer FIim Festival<\/p>\n\n\n\n<figure class=\"wp-block-image size-large\"><img loading=\"lazy\" decoding=\"async\" width=\"724\" height=\"1024\" src=\"https:\/\/hagamoslumbre.org\/wp-content\/uploads\/2025\/10\/POSTER-EL-FIN--724x1024.png\" alt=\"\" class=\"wp-image-440\" srcset=\"https:\/\/hagamoslumbre.org\/wp-content\/uploads\/2025\/10\/POSTER-EL-FIN--724x1024.png 724w, https:\/\/hagamoslumbre.org\/wp-content\/uploads\/2025\/10\/POSTER-EL-FIN--212x300.png 212w, https:\/\/hagamoslumbre.org\/wp-content\/uploads\/2025\/10\/POSTER-EL-FIN--768x1087.png 768w, https:\/\/hagamoslumbre.org\/wp-content\/uploads\/2025\/10\/POSTER-EL-FIN--1086x1536.png 1086w, https:\/\/hagamoslumbre.org\/wp-content\/uploads\/2025\/10\/POSTER-EL-FIN--1448x2048.png 1448w, https:\/\/hagamoslumbre.org\/wp-content\/uploads\/2025\/10\/POSTER-EL-FIN-.png 1538w\" sizes=\"auto, (max-width: 724px) 100vw, 724px\" \/><\/figure>\n\n\n\n<p>Direcci\u00f3n: <strong>Rafael Ruiz Espejo<\/strong><\/p>\n\n\n\n<p>Producci\u00f3n: <strong>Simon Savor, Rafael Ruiz Espejo, Luna Mar\u00e1n, P\u00e1vel Estrella<\/strong><\/p>\n\n\n\n<p><strong>Kyzza Terrazas, Luis Pacheco, Bruno Herrera<\/strong><\/p>\n\n\n\n<p>Compa\u00f1\u00eda(s) productora(s): <strong>Agujero Negro, YI Hagamos Lumbre, Agencia Estatal de Entretenimiento de Jalisco, Lobata Films, La Corriente del Golfo, OA Sonido, Phonocular, Hom\u00ednido<\/strong><\/p>\n\n\n\n<p><\/p>\n\n\n\n<figure class=\"wp-block-image size-large\"><img loading=\"lazy\" decoding=\"async\" width=\"1024\" height=\"576\" src=\"https:\/\/hagamoslumbre.org\/wp-content\/uploads\/2025\/10\/EFDPV-Berlin-stills_1.91.1-1024x576.jpg\" alt=\"\" class=\"wp-image-438\" srcset=\"https:\/\/hagamoslumbre.org\/wp-content\/uploads\/2025\/10\/EFDPV-Berlin-stills_1.91.1-1024x576.jpg 1024w, https:\/\/hagamoslumbre.org\/wp-content\/uploads\/2025\/10\/EFDPV-Berlin-stills_1.91.1-300x169.jpg 300w, https:\/\/hagamoslumbre.org\/wp-content\/uploads\/2025\/10\/EFDPV-Berlin-stills_1.91.1-768x432.jpg 768w, https:\/\/hagamoslumbre.org\/wp-content\/uploads\/2025\/10\/EFDPV-Berlin-stills_1.91.1-1536x864.jpg 1536w, https:\/\/hagamoslumbre.org\/wp-content\/uploads\/2025\/10\/EFDPV-Berlin-stills_1.91.1.jpg 1920w\" sizes=\"auto, (max-width: 767px) 89vw, (max-width: 1000px) 54vw, (max-width: 1071px) 543px, 580px\" \/><\/figure>\n\n\n\n<p>Guion: <strong>&nbsp;Rafael Ruiz Espejo<\/strong><\/p>\n\n\n\n<p>Fotograf\u00eda: <strong>Bruno Herrera<\/strong><\/p>\n\n\n\n<p>Edici\u00f3n: <strong>Nancy Cruz &amp; Luna Mar\u00e1n<\/strong><\/p>\n\n\n\n<p>Sonido directo: <strong>Alejandro Camarena L\u00f3pez<\/strong><\/p>\n\n\n\n<p>Dise\u00f1ador de Sonido: <strong>Aldonza Contreras Castro<\/strong><\/p>\n\n\n\n<p>Operador de mezcla THX: <strong>Od\u00edn Acosta y Juan Pablo Hurtado<\/strong><\/p>\n\n\n\n<p>Dise\u00f1o de producci\u00f3n: <strong>Gabriel S\u00e1nchez Mejorada<\/strong><\/p>\n\n\n\n<p>Direcci\u00f3n de arte: <strong>Erick Salamanca Garavito&nbsp;<\/strong><\/p>\n\n\n\n<p>Ambientaci\u00f3n: <strong>Sofia Solis<\/strong><\/p>\n\n\n\n<p>Decoraci\u00f3n: <strong>Sofia Solis<\/strong><\/p>\n\n\n\n<figure class=\"wp-block-image size-large\"><img loading=\"lazy\" decoding=\"async\" width=\"1024\" height=\"576\" src=\"https:\/\/hagamoslumbre.org\/wp-content\/uploads\/2025\/10\/EFDPV-Berlin-stills_1.378.1-1024x576.jpg\" alt=\"\" class=\"wp-image-439\" srcset=\"https:\/\/hagamoslumbre.org\/wp-content\/uploads\/2025\/10\/EFDPV-Berlin-stills_1.378.1-1024x576.jpg 1024w, https:\/\/hagamoslumbre.org\/wp-content\/uploads\/2025\/10\/EFDPV-Berlin-stills_1.378.1-300x169.jpg 300w, https:\/\/hagamoslumbre.org\/wp-content\/uploads\/2025\/10\/EFDPV-Berlin-stills_1.378.1-768x432.jpg 768w, https:\/\/hagamoslumbre.org\/wp-content\/uploads\/2025\/10\/EFDPV-Berlin-stills_1.378.1-1536x864.jpg 1536w, https:\/\/hagamoslumbre.org\/wp-content\/uploads\/2025\/10\/EFDPV-Berlin-stills_1.378.1.jpg 1920w\" sizes=\"auto, (max-width: 767px) 89vw, (max-width: 1000px) 54vw, (max-width: 1071px) 543px, 580px\" \/><\/figure>\n\n\n\n<p>Foto fija: <strong>Casandra Casasola, Rodrigo \u00c1lvarez<\/strong><\/p>\n\n\n\n<p>Locaci\u00f3n: <strong>Guadalajara, Jalisco, M\u00e9xico<\/strong><\/p>\n\n\n\n<p>Reparto principaL:&nbsp; <strong>Alejandro Quintana, Carlos E. L\u00f3pez Cervantes, Pabel Casta\u00f1eda, Jaime Bernache, Mariana Rivas<\/strong><\/p>\n\n\n\n<p>Logline:<\/p>\n\n\n\n<p><strong>Un chico gay desobedece por primera vez.<\/strong><\/p>\n\n\n\n<p><strong>A gay boy disobeys for the first time.<\/strong><\/p>\n\n\n\n<p>Sinopsis:<\/p>\n\n\n\n<p><strong>La primera borrachera de un chico gay de familia conservadora, obsesionado con el sexo, que viaja solo por primera vez.<\/strong><\/p>\n\n\n\n<p><strong>The first drunk night of a gay boy from a conservative family, obsessed with sex, who travels alone for the first time.<\/strong><\/p>\n\n\n\n<figure class=\"wp-block-image size-large\"><img loading=\"lazy\" decoding=\"async\" width=\"1024\" height=\"576\" src=\"https:\/\/hagamoslumbre.org\/wp-content\/uploads\/2025\/10\/EFDPV-Berlin-stills_1.193.1-1024x576.jpg\" alt=\"\" class=\"wp-image-437\" srcset=\"https:\/\/hagamoslumbre.org\/wp-content\/uploads\/2025\/10\/EFDPV-Berlin-stills_1.193.1-1024x576.jpg 1024w, https:\/\/hagamoslumbre.org\/wp-content\/uploads\/2025\/10\/EFDPV-Berlin-stills_1.193.1-300x169.jpg 300w, https:\/\/hagamoslumbre.org\/wp-content\/uploads\/2025\/10\/EFDPV-Berlin-stills_1.193.1-768x432.jpg 768w, https:\/\/hagamoslumbre.org\/wp-content\/uploads\/2025\/10\/EFDPV-Berlin-stills_1.193.1-1536x864.jpg 1536w, https:\/\/hagamoslumbre.org\/wp-content\/uploads\/2025\/10\/EFDPV-Berlin-stills_1.193.1.jpg 1920w\" sizes=\"auto, (max-width: 767px) 89vw, (max-width: 1000px) 54vw, (max-width: 1071px) 543px, 580px\" \/><\/figure>\n\n\n\n<p>Versi\u00f3n larga:<\/p>\n\n\n\n<p><strong>Eduardo (18) viaja a la ciudad de Guadalajara para hacer su examen de admisi\u00f3n a la universidad. En esta ciudad grande y desconocida, lejos de la vigilancia de su madre, experimenta sus primeros tropiezos en el amor y el sexo.<\/strong><\/p>\n\n\n\n<p><strong>Eighteen-year-old Eduardo travels from a small Mexican town to the city of Guadalajara to take a university admission exam. In this strange, big city, far away from his mother\u2019s surveillance, he experiences his first encounters and missteps in love and sex.<\/strong><\/p>\n\n\n\n<p><\/p>\n","protected":false},"excerpt":{"rendered":"<p>The last first time Ficci\u00f3n, M\u00e9xico, 2025, 76 min, Espa\u00f1ol Winner for Best Narrative feature 1st CinePride Film Festival Los \u00c1ngeles 68th San Francisco Film Festival Cine Latino Competition 28th Pink Apple Festival Zurich&nbsp; 4th Queer Movie Nights Athens&nbsp; 28th Revelation Perth International Film Festival Australia 29th Mix Film Festival Mexico City 28th Guanajuato International &hellip; <\/p>\n<p class=\"link-more\"><a href=\"https:\/\/hagamoslumbre.org\/index.php\/el-fin-de-las-primeras-veces\/\" class=\"more-link\">Continuar leyendo<span class=\"screen-reader-text\"> &#8220;El fin de las primeras veces&#8221;<\/span><\/a><\/p>\n","protected":false},"author":2,"featured_media":0,"parent":0,"menu_order":0,"comment_status":"closed","ping_status":"closed","template":"","meta":{"footnotes":""},"class_list":["post-435","page","type-page","status-publish","hentry"],"_links":{"self":[{"href":"https:\/\/hagamoslumbre.org\/index.php\/wp-json\/wp\/v2\/pages\/435","targetHints":{"allow":["GET"]}}],"collection":[{"href":"https:\/\/hagamoslumbre.org\/index.php\/wp-json\/wp\/v2\/pages"}],"about":[{"href":"https:\/\/hagamoslumbre.org\/index.php\/wp-json\/wp\/v2\/types\/page"}],"author":[{"embeddable":true,"href":"https:\/\/hagamoslumbre.org\/index.php\/wp-json\/wp\/v2\/users\/2"}],"replies":[{"embeddable":true,"href":"https:\/\/hagamoslumbre.org\/index.php\/wp-json\/wp\/v2\/comments?post=435"}],"version-history":[{"count":4,"href":"https:\/\/hagamoslumbre.org\/index.php\/wp-json\/wp\/v2\/pages\/435\/revisions"}],"predecessor-version":[{"id":450,"href":"https:\/\/hagamoslumbre.org\/index.php\/wp-json\/wp\/v2\/pages\/435\/revisions\/450"}],"wp:attachment":[{"href":"https:\/\/hagamoslumbre.org\/index.php\/wp-json\/wp\/v2\/media?parent=435"}],"curies":[{"name":"wp","href":"https:\/\/api.w.org\/{rel}","templated":true}]}}