{"id":370,"date":"2025-05-31T03:55:54","date_gmt":"2025-05-31T03:55:54","guid":{"rendered":"https:\/\/hagamoslumbre.org\/?page_id=370"},"modified":"2025-06-13T19:26:12","modified_gmt":"2025-06-13T19:26:12","slug":"kuitsi","status":"publish","type":"page","link":"https:\/\/hagamoslumbre.org\/index.php\/kuitsi\/","title":{"rendered":"La Cochinilla | Kuits\u00ed"},"content":{"rendered":"\n<figure class=\"wp-block-image size-large\"><img loading=\"lazy\" decoding=\"async\" width=\"1024\" height=\"445\" src=\"https:\/\/hagamoslumbre.org\/wp-content\/uploads\/2025\/06\/cochinilla_logo_vector_zapoteco_horizontal_azul_outline-1-1024x445.png\" alt=\"\" class=\"wp-image-407\" srcset=\"https:\/\/hagamoslumbre.org\/wp-content\/uploads\/2025\/06\/cochinilla_logo_vector_zapoteco_horizontal_azul_outline-1-1024x445.png 1024w, https:\/\/hagamoslumbre.org\/wp-content\/uploads\/2025\/06\/cochinilla_logo_vector_zapoteco_horizontal_azul_outline-1-300x130.png 300w, https:\/\/hagamoslumbre.org\/wp-content\/uploads\/2025\/06\/cochinilla_logo_vector_zapoteco_horizontal_azul_outline-1-768x333.png 768w, https:\/\/hagamoslumbre.org\/wp-content\/uploads\/2025\/06\/cochinilla_logo_vector_zapoteco_horizontal_azul_outline-1-1536x667.png 1536w, https:\/\/hagamoslumbre.org\/wp-content\/uploads\/2025\/06\/cochinilla_logo_vector_zapoteco_horizontal_azul_outline-1-2048x889.png 2048w\" sizes=\"auto, (max-width: 767px) 89vw, (max-width: 1000px) 54vw, (max-width: 1071px) 543px, 580px\" \/><\/figure>\n\n\n\n<p><strong>\u00bfQu\u00e9 es <strong>KUITS\u00cd<\/strong><\/strong><strong>?<\/strong><\/p>\n\n\n\n<p><strong>Kuits\u00ed<\/strong> es la traducci\u00f3n de Cochinilla en zapoteco serrano. Este peque\u00f1o insecto nos recuerda la capacidad de abonar la tierra en beneficio de los seres que lo rodean, tambi\u00e9n nos identificamos con la capacidad de protegerse y adaptarse a diferentes situaciones, estas son solo algunas de las razones que nos inspiraron a nombrar al campamento de verano 2025 de formaci\u00f3n no escolarizada que acompa\u00f1ar\u00e1 a 20 j\u00f3venes en dos oficios:<\/p>\n\n\n\n<p>a) <strong>Literatura <\/strong> (dirigido <em>exclusivamente a hablantes de lenguas<\/em> originarias)<\/p>\n\n\n\n<p>b) <strong>Producci\u00f3n de animaci\u00f3n<\/strong> (abierto a j\u00f3venes de todo el pa\u00eds, <em>con preferencia a hablantes de lenguas originarias<\/em>). <\/p>\n\n\n\n<p class=\"has-text-align-center has-large-font-size\"><strong>La Cochinilla | Kuits\u00ed <\/strong> es un Campamento de producci\u00f3n de animaci\u00f3n y creaci\u00f3n de literatura en lenguas originarias que se desarrollar\u00e1 en Guelatao de Ju\u00e1rez, Oaxaca, del 20 de julio al 15 de agosto de 2025.<\/p>\n\n\n\n<p><strong>Objetivo<\/strong><\/p>\n\n\n\n<ul class=\"wp-block-list\">\n<li>Formar nuevos <strong>productores de animaci\u00f3n y escritores literarios<\/strong>, con el fin de aumentar la creaci\u00f3n de contenidos en lenguas originarias con atenci\u00f3n especial al zapoteco de la variante didz\u00e1.<\/li>\n\n\n\n<li>Fortalecer las <strong>narrativas locales <\/strong>y el <strong>uso de las lenguas originarias<\/strong> en esas narrativas, mediante la creaci\u00f3n literaria y la producci\u00f3n de animaci\u00f3n a partir de talleres, cursos y <strong>acompa\u00f1amiento a activistas ling\u00fc\u00edsticos<\/strong>, j\u00f3venes y colectivos comunitarios en la promoci\u00f3n de lenguas originarias nacionales y el bienestar de sus hablantes.<\/li>\n<\/ul>\n\n\n\n<p><strong>Eje tem\u00e1tico<\/strong><\/p>\n\n\n\n<p><br><strong>La Cochinilla | Kuits\u00ed<\/strong>, en su primera edici\u00f3n, versar\u00e1 sobre<strong> el futuro,<\/strong> eso quiere decir que durante 4 semanas se abordar\u00e1n los g\u00e9neros narrativos que nos permitan imaginar, desde las realidades de los asistentes, qu\u00e9 tipo de futuro se puede representar con las herramientas que obtengan en los talleres.<\/p>\n\n\n\n<p><br><strong>\u00bfQu\u00e9 talleres ofrece?<\/strong><\/p>\n\n\n\n<p><br>En esta edici\u00f3n <strong>La Cochinilla | Kuits\u00ed <\/strong>ofrece la formaci\u00f3n en dos oficios:<strong> creaci\u00f3n literaria y producci\u00f3n de animaci\u00f3n en lenguas originarias<\/strong>. Los aspirantes deber\u00e1n elegir si quieren formarse en la escritura y edici\u00f3n literaria o en la producci\u00f3n de una animaci\u00f3n.<\/p>\n\n\n\n<p><br>En el grupo de<strong> literatura <\/strong>se adquirir\u00e1n herramientas para la escritura creativa desde diferentes perspectivas pedag\u00f3gicas, despu\u00e9s trabajaremos t\u00e9cnicas de traducci\u00f3n literaria en donde a partir de ejercicios se afinar\u00e1n la traducci\u00f3n colectiva e individual, posteriormente se abordar\u00e1 la ilustraci\u00f3n y la direcci\u00f3n de ilustraci\u00f3n para pasar a dise\u00f1o, maquetaci\u00f3n, impresi\u00f3n y encuadernaci\u00f3n. Al final del campamento el asistente conocer\u00e1 las herramientas que necesita para autoeditar un libro.<\/p>\n\n\n\n<p>El grupo de<strong> producci\u00f3n de animaci\u00f3n<\/strong> reunir\u00e1 a los y las j\u00f3venes para la producci\u00f3n de 2 cineminutos de animaci\u00f3n, iniciando con la adaptaci\u00f3n de un cuento corto (creado por el grupo de Literatura) a guion cinematogr\u00e1fico, desarrollando todas las etapas de la animaci\u00f3n en t\u00e9cnica cut out  (story board, animatic, concept art, dise\u00f1o sonoro, correcci\u00f3n de color, entre otros) hasta su terminaci\u00f3n y exhibici\u00f3n en el mismo campamento. <\/p>\n\n\n\n<p>En ambos casos el participante obtendr\u00e1 los conocimientos para replicar los procesos y poder as\u00ed transmitirlos en sus territorios de origen.<\/p>\n\n\n\n<p><strong>Actividades<\/strong><\/p>\n\n\n\n<p><br>En el campamento aparte de las horas de talleres te\u00f3ricos y pr\u00e1cticos habr\u00e1 actividades de convivencia grupal como: <strong>preparaci\u00f3n f\u00edsica<\/strong> para despertar el cuerpo y la mente; <strong>pl\u00e1ticas con profesionales<\/strong> sobre escritura, edici\u00f3n y cine; pl\u00e1ticas y encuentros sobre <strong>comunalidad<\/strong>, as\u00ed como la realizaci\u00f3n de <strong>tequios<\/strong> o faenas para agradecer a la comunidad.<br><\/p>\n\n\n\n<p><strong>\u00bfTiene costo acudir?<\/strong><br>&#8211; Los talleres y actividades son <strong>100% gratuitos.<\/strong><br>&#8211; Se ofrecer\u00e1 un hospedaje muy sencillo en cuartos colectivos de forma<strong> gratuita.<\/strong><br>&#8211; Los participantes deber\u00e1n cubrir su alimentaci\u00f3n de los 29 d\u00edas que dura el evento y transporte desde su domicilio a la comunidad de Guelatao.<\/p>\n\n\n\n<p>Durante el Campamento de Animaci\u00f3n y Literatura en lenguas originarias: <strong>La Cochinilla | Kuits\u00ed<\/strong>, la comunidad de <strong>Guelatao de Ju\u00e1rez<\/strong> y sus espacios como la sala<strong> Cine Too <\/strong>y lugares p\u00fablicos al aire libre, se volver\u00e1n un lugar de encuentro entre j\u00f3venes de la sierra, j\u00f3venes de todo el pa\u00eds, facilitadores y activistas de la lengua que forman el equipo de colaboradores de <strong>La Cochinilla | Kuits\u00ed.<\/strong><\/p>\n\n\n\n<p><br>El campamento de animaci\u00f3n y literatura en lenguas originarias: <strong>La Cochinilla | Kuits\u00ed <\/strong>propone que el asistente recorra diversos medios de creaci\u00f3n y producci\u00f3n de contenido con el fin de que explore y encuentre lugares seguros de discusi\u00f3n sobre los temas que le preocupan en el ejercicio creador, los medios de difusi\u00f3n y exposici\u00f3n, <strong>creando generaci\u00f3n a generaci\u00f3n materiales invaluables para la revitalizaci\u00f3n de las lenguas originarias con metodolog\u00edas de educaci\u00f3n participativas y comunitarias.<\/strong> Quisi\u00e9ramos que los j\u00f3venes se llevaran al final una caja de herramientas que en mediano plazo puedan generar <strong>autoempleo, desarrollo art\u00edstico y creaci\u00f3n de nuevos materiales en zapoteco<\/strong> y otras lenguas originarias.<br><\/p>\n\n\n\n<p><strong>Sede<\/strong><\/p>\n\n\n\n<figure class=\"wp-block-image size-large\"><img loading=\"lazy\" decoding=\"async\" width=\"1024\" height=\"681\" src=\"https:\/\/hagamoslumbre.org\/wp-content\/uploads\/2025\/05\/H9-1-Casandra_2020_DSC_9651-1024x681.jpg\" alt=\"\" class=\"wp-image-374\" srcset=\"https:\/\/hagamoslumbre.org\/wp-content\/uploads\/2025\/05\/H9-1-Casandra_2020_DSC_9651-1024x681.jpg 1024w, https:\/\/hagamoslumbre.org\/wp-content\/uploads\/2025\/05\/H9-1-Casandra_2020_DSC_9651-300x200.jpg 300w, https:\/\/hagamoslumbre.org\/wp-content\/uploads\/2025\/05\/H9-1-Casandra_2020_DSC_9651-768x511.jpg 768w, https:\/\/hagamoslumbre.org\/wp-content\/uploads\/2025\/05\/H9-1-Casandra_2020_DSC_9651-1536x1022.jpg 1536w, https:\/\/hagamoslumbre.org\/wp-content\/uploads\/2025\/05\/H9-1-Casandra_2020_DSC_9651-2048x1362.jpg 2048w\" sizes=\"auto, (max-width: 767px) 89vw, (max-width: 1000px) 54vw, (max-width: 1071px) 543px, 580px\" \/><\/figure>\n\n\n\n<p>El proyecto se ejecutar\u00e1 completamente en <strong>Guelatao de Ju\u00e1rez <\/strong>comunidad zapoteca que se rige por su sistema normativo: La Comunalidad. <strong>Ubicado a 60 km<\/strong> (hora y media) de la ciudad de Oaxaca seg\u00fan el censo de poblaci\u00f3n y vivienda 2020 hay 83 personas que hablan una lengua originaria, es decir el 12.6% del total de la poblaci\u00f3n de Guelatao de Ju\u00e1rez. Naturalmente la lengua m\u00e1s hablada es el zapoteco con 67 hablantes, principalmente mayores, as\u00ed mismo por las caracter\u00edsticas econ\u00f3micas y geogr\u00e1ficas de Guelatao hay personas que residen en la comunidad y son hablantes principalmente de chinanteco y mixe. En Guelatao contamos con un aliado que es el Cine Too, el cual es un espacio dedicado a la exhibici\u00f3n cinematogr\u00e1fica con un enfoque en la cultura serrana y el fomento de la producci\u00f3n audiovisual.<\/p>\n\n\n\n<p class=\"has-large-font-size\"><strong>Fases del Proyecto<\/strong><\/p>\n\n\n\n<p><em><strong>Dise\u00f1o, Convocatoria y Promoci\u00f3n<\/strong><\/em><\/p>\n\n\n\n<ul class=\"wp-block-list\">\n<li>Lanzamiento de la convocatoria<strong> 13 de junio al 2 de julio<\/strong>.<\/li>\n\n\n\n<li>Divulgaci\u00f3n del proyecto a trav\u00e9s de instituciones educativas, redes comunitarias y colectivos culturales.<\/li>\n\n\n\n<li>Selecci\u00f3n de participantes. <strong>Resultados 9 de julio<\/strong><\/li>\n<\/ul>\n\n\n\n<p><em><strong>Campamento de animaci\u00f3n y literatura en lenguas originarias: La Cochinilla | Kuits\u00ed del 20 de julio al 15 de agosto del 2025. <\/strong> <\/em><\/p>\n\n\n\n<p><em>Dos grupos:<\/em><\/p>\n\n\n\n<ul class=\"wp-block-list\">\n<li>Literatura en lenguas ind\u00edgenas<\/li>\n\n\n\n<li>Producci\u00f3n de animaci\u00f3n<\/li>\n<\/ul>\n\n\n\n<p><em><strong>Presentaci\u00f3n de los materiales<\/strong><\/em><\/p>\n\n\n\n<ul class=\"wp-block-list\">\n<li>Guelatao de Ju\u00e1rez.<\/li>\n\n\n\n<li>Ciudad de Oaxaca.<\/li>\n\n\n\n<li>Ciudad de M\u00e9xico en el Centro de Cultura Digital.<\/li>\n<\/ul>\n\n\n\n<p><strong>Antecedentes<\/strong><\/p>\n\n\n\n<p>Del 2012 al 2020 participamos de forma central en la realizaci\u00f3n del Campamento Audiovisual Itinerante, un proyecto de formaci\u00f3n, encuentro, producci\u00f3n y exhibici\u00f3n audiovisual con sentido comunitario. Despu\u00e9s de esta experiencia que impact\u00f3 a 500 j\u00f3venes de toda la Rep\u00fablica Mexicana nos interesa centrarnos en la formaci\u00f3n de nuevas generaciones de traductores, escritores y productores de animaci\u00f3n que tengan las herramientas b\u00e1sicas para promover en los nuevos medios la lenguas originarias, con especial \u00e9nfasis en la creaci\u00f3n de contenidos para las infancias. A la par, este proyecto surge de la experiencia de m\u00e1s de 10 a\u00f1os de la producci\u00f3n de libros en lenguas originarias, destacando la producci\u00f3n de materiales para primeros lectores.<\/p>\n\n\n\n<p><strong>Beneficiarios<\/strong><\/p>\n\n\n\n<ul class=\"wp-block-list\">\n<li>20 j\u00f3venes (j\u00f3venes de entre 18 y 25 a\u00f1os)..<\/li>\n\n\n\n<li>18 profesores talleristas.<\/li>\n\n\n\n<li>1 comunidad zapoteca de la sierra norte de Oaxaca.<\/li>\n<\/ul>\n\n\n\n<p><strong>Beneficios a la comunidad<\/strong><\/p>\n\n\n\n<ul class=\"wp-block-list\">\n<li>Derrama econ\u00f3mica a la comunidad durante 29 d\u00edas de 38 personas.<\/li>\n\n\n\n<li>Contrataci\u00f3n de servicios de Alimentaci\u00f3n, hospedaje, transporte, limpieza.<\/li>\n\n\n\n<li>Cualquier habitante, ciudadano o residente de Guelatao y comunidades cercanas que hable una lengua originaria, puede entrar al taller de literatura sin necesidad de pasar por el proceso de selecci\u00f3n.&nbsp;<\/li>\n\n\n\n<li>Actividades culturales, conferencias, funciones de cine, actividades de inmersi\u00f3n en lenguas originarias para el p\u00fablico en general.<\/li>\n\n\n\n<li>Actividades de verano para ni\u00f1os y j\u00f3venes.<\/li>\n<\/ul>\n\n\n\n<p><strong>Protocolo de seguridad<\/strong><\/p>\n\n\n\n<p><strong>La Cochinilla | Kuits\u00ed<\/strong> dise\u00f1a para el cuidado de todes les participantes un espacio denominado \u201cLa asamblea\u201d el cual ser\u00e1 dirigido y facilitado por el <strong>Colectivo de Pr\u00e1cticas Narrativas<\/strong> con el objetivo de crear un horizonte com\u00fan de principios y valores que regir\u00e1n el espacio de convivencia de les participantes. En este espacio se ir\u00e1n evaluando las crisis o desavenencias que se generen en el proceso de convivencia y colaboraci\u00f3n, buscando poner en el centro la salud mental, la no tolerancia a la violencia y la discriminaci\u00f3n. El Colectivo de pr\u00e1cticas narrativas colocar\u00e1 en la mesa herramientas que nos permitan observar, nombrar y poner l\u00edmites a las distintas formas de violencia que se puedan generar y facilitando procesos de construcci\u00f3n de paz y reparaci\u00f3n de da\u00f1o que fuesen necesarios.<\/p>\n\n\n\n<p><\/p>\n\n\n\n<p class=\"has-text-align-center has-x-large-font-size\"><strong>CONVOCATORIA<\/strong><\/p>\n\n\n\n<p><strong>YI\u00b4 Hagamos Lumbre, la Asamblea del Campamento Audiovisual Itinerante, Perros Fritos, Animaci\u00f3n N\u00f3mada, la Sala Cine Too, el Colectivo de Pr\u00e1cticas Narrativas y Fundaci\u00f3n Comunalidad A.C., con el apoyo de Cultural Survival, Fundaci\u00f3n Heinrich B\u00f6ll, The Hunger Proyect, Centro de Cultura Digital y Centro Profesional Ind\u00edgena de Asesor\u00eda Defensa y Traducci\u00f3n, A. C convocamos a j\u00f3venes de entre 18 y 35 a\u00f1os a participar en la:<\/strong><\/p>\n\n\n\n<p class=\"has-medium-font-size\">Primera edici\u00f3n&nbsp;<\/p>\n\n\n\n<p class=\"has-x-large-font-size\"><strong><sub>La Cochinilla | Kuits\u00ed<\/sub><\/strong><\/p>\n\n\n\n<p>Campamento de Animaci\u00f3n y Literatura en Lenguas Originarias:&nbsp;<\/p>\n\n\n\n<p>Guelatao de Ju\u00e1rez, Oaxaca.<br>Del 20 de julio al 15 de agosto de 2025<\/p>\n\n\n\n<p>Si tienes entre 18 y 35 a\u00f1os, hablas una lengua originaria o est\u00e1s en proceso de aprenderla, y te interesa contar historias, escribir, ilustrar o producir animaci\u00f3n, te invitamos a vivir con nosotras, nosotros y nosotres esta experiencia colectiva en la Sierra Norte de Oaxaca.<\/p>\n\n\n\n<p>Esta primera edici\u00f3n gira en torno al tema \u201cFuturos posibles\u201d. Durante cuatro semanas vamos a crear cuentos, narrativas, animaciones e ilustraciones que imaginen otros mundos posibles desde nuestras lenguas, nuestras historias y nuestras comunidades.<\/p>\n\n\n\n<p>Compartiremos saberes en talleres intensivos, compartencias, funciones de cine, actividades comunitarias, culturales y deportivas, acompa\u00f1ados por artistas y formadores con experiencia en creaci\u00f3n y producci\u00f3n en lenguas originarias y animaci\u00f3n.<\/p>\n\n\n\n<h2 class=\"wp-block-heading has-large-font-size\"><strong>Modalidades y cupo<\/strong><\/h2>\n\n\n\n<p><strong>Grupo Literatura <em>(exclusivamente para hablantes de lenguas originarias nacionales)<\/em><\/strong><\/p>\n\n\n\n<p>En donde podr\u00e1s tomar los siguientes talleres:<\/p>\n\n\n\n<figure class=\"wp-block-table\"><table class=\"has-fixed-layout\"><tbody><tr><td>Escritura para cuento corto.<\/td><\/tr><tr><td>Escritura desde la imagen.&nbsp;<\/td><\/tr><tr><td>Re-escribiendo(nos) desde las lenguas que nos habitan.<\/td><\/tr><tr><td>Escritura de cuentos para primeros lectores. Escritura de cuentos infantiles.<\/td><\/tr><tr><td>Ilustraci\u00f3n en acuarela.<\/td><\/tr><tr><td>T\u00e9cnicas de traducci\u00f3n colectiva &#8211; doblaje &#8211; subtitulaje<\/td><\/tr><tr><td>T\u00e9cnicas de edici\u00f3n con software libre<\/td><\/tr><tr><td>Taller de lectura en voz alta, cuentacuentos<\/td><\/tr><tr><td>Grabaci\u00f3n y edici\u00f3n de podcast audiolibro<\/td><\/tr><tr><td>Encuadernaci\u00f3n artesanal<\/td><\/tr><\/tbody><\/table><\/figure>\n\n\n\n<p>Cupo:<\/p>\n\n\n\n<ul class=\"wp-block-list\">\n<li>10 lugares para hablantes de lenguas originarias de todo M\u00e9xico<\/li>\n\n\n\n<li>Hasta 10 lugares para hablantes de zapoteco de comunidades de la Sierra Ju\u00e1rez.<\/li>\n<\/ul>\n\n\n\n<p><strong>Grupo Animaci\u00f3n<\/strong><\/p>\n\n\n\n<p>En donde podr\u00e1s tomar los siguientes talleres:<\/p>\n\n\n\n<figure class=\"wp-block-table\"><table class=\"has-fixed-layout\"><tbody><tr><td>T\u00e9cnica Cut Out<\/td><\/tr><tr><td>Direcci\u00f3n de animaci\u00f3n<\/td><\/tr><tr><td>Adaptaci\u00f3n a gui\u00f3n cinematogr\u00e1fico<\/td><\/tr><tr><td>Storyboard &amp; animatic<\/td><\/tr><tr><td>Dise\u00f1o Sonoro<\/td><\/tr><tr><td>Concept Art<\/td><\/tr><tr><td>Rodaje Cut Out<\/td><\/tr><tr><td>Correcci\u00f3n de color &amp; Entregables<\/td><\/tr><\/tbody><\/table><\/figure>\n\n\n\n<p>Cupo: 10 lugares para j\u00f3venes de todo el pa\u00eds (incluido 2 lugares para j\u00f3venes de la Sierra Ju\u00e1rez)<\/p>\n\n\n\n<h2 class=\"wp-block-heading has-large-font-size\"><strong>Fechas clave<\/strong><\/h2>\n\n\n\n<p>Convocatoria abierta: desde el 13 de junio de 2025<br>Cierre de convocatoria: 2 de julio de 2025<br>Resultados de selecci\u00f3n: 9 de julio de 2025<br>Inicio del campamento: 20 de julio de 2025<\/p>\n\n\n\n<h2 class=\"wp-block-heading has-large-font-size\"><strong>Beneficios:<\/strong><\/h2>\n\n\n\n<ul class=\"wp-block-list\">\n<li>Talleres, materiales y uso de equipo incluidos<\/li>\n\n\n\n<li>Hospedaje colectivo gratuito<\/li>\n\n\n\n<li>Acompa\u00f1amiento art\u00edstico y comunitario<\/li>\n\n\n\n<li>Constancia de participaci\u00f3n<\/li>\n<\/ul>\n\n\n\n<h2 class=\"wp-block-heading has-large-font-size\"><strong>Cada participante deber\u00e1:<\/strong><\/h2>\n\n\n\n<ul class=\"wp-block-list\">\n<li>Cubrir su transporte desde su domicilio a Guelatao de Ju\u00e1rez (ida y vuelta)<\/li>\n\n\n\n<li>Cubrir su alimentaci\u00f3n durante los 29 d\u00edas que dure el campamento. El pago de alimentos se deber\u00e1 depositar a m\u00e1s tardar el 15 de julio del 2025, el cual cubre 3 comidas al d\u00eda durante los 29 d\u00edas.\u00a0<\/li>\n\n\n\n<li>Comprometerse a construir un espacio seguro para todxs los participantes. No se tolerar\u00e1 ninguna forma de violencia o discriminaci\u00f3n.<\/li>\n\n\n\n<li>Compromiso de participaci\u00f3n los 29 d\u00edas que dura el campamento del 20 de julio al 15 de agosto del 2025 en Guelatao de Ju\u00e1rez.<\/li>\n<\/ul>\n\n\n\n<p><em>** Algunas personas podr\u00e1n ser seleccionadas para becas de alimentaci\u00f3n totales o parciales, seg\u00fan el comit\u00e9 de selecci\u00f3n, deber\u00e1n solicitarlo en el formulario de inscripci\u00f3n.<\/em><\/p>\n\n\n\n<p class=\"has-large-font-size\"><a href=\"https:\/\/docs.google.com\/forms\/d\/e\/1FAIpQLScwJgQ08zKB3rnqc0ZXEobVZ3M06-ExhFknNDpkUm8GGAiodQ\/viewform?usp=dialog\" data-type=\"link\" data-id=\"https:\/\/docs.google.com\/forms\/d\/e\/1FAIpQLScwJgQ08zKB3rnqc0ZXEobVZ3M06-ExhFknNDpkUm8GGAiodQ\/viewform?usp=dialog\"><strong>Llena el formulario de inscripci\u00f3n. <\/strong><\/a><\/p>\n\n\n\n<p>Si tienes dudas o comentarios <strong>comun\u00edcate<\/strong> v\u00eda telef\u00f3nica al n\u00famero  55 2694 7829 o por correo electr\u00f3nico a cochinilla@hagamoslumbre.org<\/p>\n\n\n\n<p class=\"has-large-font-size\"><strong>\u00a1No necesitas tener experiencia previa! Solo inter\u00e9s, compromiso y ganas de crear historias en tus lenguas.&nbsp; \u00a1Te esperamos! <\/strong><\/p>\n\n\n\n<h2 class=\"wp-block-heading has-large-font-size\"><strong>Sobre la organizaci\u00f3n<\/strong><\/h2>\n\n\n\n<p><strong>La Cochinilla | Kuits\u00ed<\/strong> es un proyecto de YI\u00b4 Hagamos Lumbre, una colectiva de artistas zapotecos, mixtecos, o\u2019dam y chilangos que trabaja en cine, gastronom\u00eda y literatura en lenguas originarias, con sedes en Guelatao de Ju\u00e1rez, la Ciudad de M\u00e9xico y Durango desde 2019.<\/p>\n\n\n\n<p>Se realiza en colaboraci\u00f3n con la Asamblea del Campamento Audiovisual Itinerante, Perros Fritos, Animaci\u00f3n N\u00f3mada, Sala Cine Too, el Colectivo de pr\u00e1cticas Narrativas y con el apoyo de Cultural Survival, Fundaci\u00f3n Heinrich B\u00f6ll, The Hunger Proyect, Centro de Cultura Digital, Centro Profesional Ind\u00edgena de Asesor\u00eda Defensa y Traducci\u00f3n, A. C\u00a0<\/p>\n\n\n\n<figure class=\"wp-block-image size-large\"><img loading=\"lazy\" decoding=\"async\" width=\"819\" height=\"1024\" src=\"https:\/\/hagamoslumbre.org\/wp-content\/uploads\/2025\/05\/WhatsApp-Image-2025-05-05-at-19.41.23-819x1024.jpeg\" alt=\"\" class=\"wp-image-373\" srcset=\"https:\/\/hagamoslumbre.org\/wp-content\/uploads\/2025\/05\/WhatsApp-Image-2025-05-05-at-19.41.23-819x1024.jpeg 819w, https:\/\/hagamoslumbre.org\/wp-content\/uploads\/2025\/05\/WhatsApp-Image-2025-05-05-at-19.41.23-240x300.jpeg 240w, https:\/\/hagamoslumbre.org\/wp-content\/uploads\/2025\/05\/WhatsApp-Image-2025-05-05-at-19.41.23-768x960.jpeg 768w, https:\/\/hagamoslumbre.org\/wp-content\/uploads\/2025\/05\/WhatsApp-Image-2025-05-05-at-19.41.23.jpeg 1080w\" sizes=\"auto, (max-width: 767px) 89vw, (max-width: 1000px) 54vw, (max-width: 1071px) 543px, 580px\" \/><\/figure>\n","protected":false},"excerpt":{"rendered":"<p>\u00bfQu\u00e9 es KUITS\u00cd? Kuits\u00ed es la traducci\u00f3n de Cochinilla en zapoteco serrano. Este peque\u00f1o insecto nos recuerda la capacidad de abonar la tierra en beneficio de los seres que lo rodean, tambi\u00e9n nos identificamos con la capacidad de protegerse y adaptarse a diferentes situaciones, estas son solo algunas de las razones que nos inspiraron a &hellip; <\/p>\n<p class=\"link-more\"><a href=\"https:\/\/hagamoslumbre.org\/index.php\/kuitsi\/\" class=\"more-link\">Continuar leyendo<span class=\"screen-reader-text\"> &#8220;La Cochinilla | Kuits\u00ed&#8221;<\/span><\/a><\/p>\n","protected":false},"author":2,"featured_media":0,"parent":0,"menu_order":0,"comment_status":"closed","ping_status":"closed","template":"","meta":{"footnotes":""},"class_list":["post-370","page","type-page","status-publish","hentry"],"_links":{"self":[{"href":"https:\/\/hagamoslumbre.org\/index.php\/wp-json\/wp\/v2\/pages\/370","targetHints":{"allow":["GET"]}}],"collection":[{"href":"https:\/\/hagamoslumbre.org\/index.php\/wp-json\/wp\/v2\/pages"}],"about":[{"href":"https:\/\/hagamoslumbre.org\/index.php\/wp-json\/wp\/v2\/types\/page"}],"author":[{"embeddable":true,"href":"https:\/\/hagamoslumbre.org\/index.php\/wp-json\/wp\/v2\/users\/2"}],"replies":[{"embeddable":true,"href":"https:\/\/hagamoslumbre.org\/index.php\/wp-json\/wp\/v2\/comments?post=370"}],"version-history":[{"count":30,"href":"https:\/\/hagamoslumbre.org\/index.php\/wp-json\/wp\/v2\/pages\/370\/revisions"}],"predecessor-version":[{"id":419,"href":"https:\/\/hagamoslumbre.org\/index.php\/wp-json\/wp\/v2\/pages\/370\/revisions\/419"}],"wp:attachment":[{"href":"https:\/\/hagamoslumbre.org\/index.php\/wp-json\/wp\/v2\/media?parent=370"}],"curies":[{"name":"wp","href":"https:\/\/api.w.org\/{rel}","templated":true}]}}