{"id":235,"date":"2023-02-08T21:01:12","date_gmt":"2023-02-08T21:01:12","guid":{"rendered":"https:\/\/hagamoslumbre.org\/?page_id=235"},"modified":"2025-02-25T18:32:44","modified_gmt":"2025-02-25T18:32:44","slug":"a-traves-de-tola","status":"publish","type":"page","link":"https:\/\/hagamoslumbre.org\/index.php\/a-traves-de-tola\/","title":{"rendered":"A trav\u00e9s  de Tola"},"content":{"rendered":"\n<p><strong>Premio Ficunam 2023<\/strong><\/p>\n\n\n\n<p> 75 min | \u00d3pera prima Documental | M\u00e9xico | 2023<\/p>\n\n\n<div class=\"wp-block-image\">\n<figure class=\"aligncenter size-large\"><img loading=\"lazy\" decoding=\"async\" width=\"576\" height=\"1024\" src=\"https:\/\/hagamoslumbre.org\/wp-content\/uploads\/2023\/05\/C_ATDT_Stories_1920-x-1080-576x1024.jpg\" alt=\"\" class=\"wp-image-254\" srcset=\"https:\/\/hagamoslumbre.org\/wp-content\/uploads\/2023\/05\/C_ATDT_Stories_1920-x-1080-576x1024.jpg 576w, https:\/\/hagamoslumbre.org\/wp-content\/uploads\/2023\/05\/C_ATDT_Stories_1920-x-1080-169x300.jpg 169w, https:\/\/hagamoslumbre.org\/wp-content\/uploads\/2023\/05\/C_ATDT_Stories_1920-x-1080-768x1365.jpg 768w, https:\/\/hagamoslumbre.org\/wp-content\/uploads\/2023\/05\/C_ATDT_Stories_1920-x-1080-864x1536.jpg 864w, https:\/\/hagamoslumbre.org\/wp-content\/uploads\/2023\/05\/C_ATDT_Stories_1920-x-1080.jpg 1080w\" sizes=\"auto, (max-width: 576px) 100vw, 576px\" \/><\/figure><\/div>\n\n\n<div style=\"padding:56.25% 0 0 0;position:relative;\"><iframe src=\"https:\/\/player.vimeo.com\/video\/862531955?badge=0&amp;autopause=0&amp;player_id=0&amp;app_id=58479\" frameborder=\"0\" allow=\"autoplay; fullscreen; picture-in-picture; clipboard-write; encrypted-media\" style=\"position:absolute;top:0;left:0;width:100%;height:100%;\" title=\"A trav\u00e9s de Tola_Trailer Oficial\"><\/iframe><\/div><script src=\"https:\/\/player.vimeo.com\/api\/player.js\"><\/script>\n\n\n\n<p>Direcci\u00f3n: Casandra Casasola<br>Gui\u00f3n: Casandra Casasola, Eustolia Garc\u00eda, Gabriela Casasola, Nicol\u00e1s Rojas<br>Producci\u00f3n: Erik Baeza y Casandra Casasola<br>Fotograf\u00eda: Casandra Casasola, Nicol\u00e1s Rojas, Jair Casasola<br>Sonido Directo: Casandra Casasola, Nicol\u00e1s Rojas<br>Edici\u00f3n: Nicol\u00e1s Rojas y Casandra Casasola<br>Coordinador de Postproducci\u00f3n: Erik Baeza<br>Dise\u00f1o Sonoro: Luna Mar\u00e1n, Pablo M\u00e1rquez<br>Supervisor de sonido y Mezcla 5.1: Pablo Tam\u00e9z<br>Material de Archivo: Familia Casasola, Familia Garc\u00eda, Familia Linares, foundfootage<\/p>\n\n\n\n<figure class=\"wp-block-image size-large\"><img loading=\"lazy\" decoding=\"async\" width=\"1024\" height=\"530\" src=\"https:\/\/hagamoslumbre.org\/wp-content\/uploads\/2023\/02\/ATDT_STILL_2-1024x530.jpg\" alt=\"\" class=\"wp-image-236\" srcset=\"https:\/\/hagamoslumbre.org\/wp-content\/uploads\/2023\/02\/ATDT_STILL_2-1024x530.jpg 1024w, https:\/\/hagamoslumbre.org\/wp-content\/uploads\/2023\/02\/ATDT_STILL_2-300x155.jpg 300w, https:\/\/hagamoslumbre.org\/wp-content\/uploads\/2023\/02\/ATDT_STILL_2-768x398.jpg 768w, https:\/\/hagamoslumbre.org\/wp-content\/uploads\/2023\/02\/ATDT_STILL_2.jpg 1280w\" sizes=\"auto, (max-width: 767px) 89vw, (max-width: 1000px) 54vw, (max-width: 1071px) 543px, 580px\" \/><\/figure>\n\n\n\n<p>Sinopsis:<\/p>\n\n\n\n<p>Tras la ausencia de mi padre, naufrago en un mar de recuerdos,  junto a mi abuela paterna<br>y mi madre, tres generaciones de mujeres buscando reconocernos para comprender la<br>ruptura familiar, el duelo y las violencias heredadas.<\/p>\n\n\n\n<figure class=\"wp-block-image size-full is-resized\"><img loading=\"lazy\" decoding=\"async\" src=\"https:\/\/hagamoslumbre.org\/wp-content\/uploads\/2023\/05\/ATDT_STILL_4.jpg\" alt=\"\" class=\"wp-image-255\" width=\"673\" height=\"379\" srcset=\"https:\/\/hagamoslumbre.org\/wp-content\/uploads\/2023\/05\/ATDT_STILL_4.jpg 448w, https:\/\/hagamoslumbre.org\/wp-content\/uploads\/2023\/05\/ATDT_STILL_4-300x169.jpg 300w\" sizes=\"auto, (max-width: 673px) 100vw, 673px\" \/><\/figure>\n\n\n\n<ul class=\"wp-block-list\"><li>Proyecto beneficiado con el apoyo para escritura de gui\u00f3n y para desarrollo de proyectos de largometrajes del Instituto Mexicano de Cinematograf\u00eda. &#8211; 2017 y 2018<\/li><li>Producci\u00f3n realizada con el apoyo del Fondo Nacional para la Cultura y las Artes (FONCA) a trav\u00e9s del programa.<\/li><li>J\u00f3venes Creadores. &#8211; 2018<\/li><li>Postproducida con el Est\u00edmulo a la Creaci\u00f3n Audiovisual en M\u00e9xico y Centroam\u00e9rica para Comunidades Ind\u00edgenas y Afrodescendientes (ECAMC) del IMCINE \u2012 2020<\/li><li>Fondo Miradas de Ambulante-Netflix &#8211; 2020<\/li><\/ul>\n","protected":false},"excerpt":{"rendered":"<p>Premio Ficunam 2023 75 min | \u00d3pera prima Documental | M\u00e9xico | 2023 Direcci\u00f3n: Casandra CasasolaGui\u00f3n: Casandra Casasola, Eustolia Garc\u00eda, Gabriela Casasola, Nicol\u00e1s RojasProducci\u00f3n: Erik Baeza y Casandra CasasolaFotograf\u00eda: Casandra Casasola, Nicol\u00e1s Rojas, Jair CasasolaSonido Directo: Casandra Casasola, Nicol\u00e1s RojasEdici\u00f3n: Nicol\u00e1s Rojas y Casandra CasasolaCoordinador de Postproducci\u00f3n: Erik BaezaDise\u00f1o Sonoro: Luna Mar\u00e1n, Pablo M\u00e1rquezSupervisor de &hellip; <\/p>\n<p class=\"link-more\"><a href=\"https:\/\/hagamoslumbre.org\/index.php\/a-traves-de-tola\/\" class=\"more-link\">Continuar leyendo<span class=\"screen-reader-text\"> &#8220;A trav\u00e9s  de Tola&#8221;<\/span><\/a><\/p>\n","protected":false},"author":2,"featured_media":0,"parent":0,"menu_order":0,"comment_status":"closed","ping_status":"closed","template":"","meta":{"footnotes":""},"class_list":["post-235","page","type-page","status-publish","hentry"],"_links":{"self":[{"href":"https:\/\/hagamoslumbre.org\/index.php\/wp-json\/wp\/v2\/pages\/235","targetHints":{"allow":["GET"]}}],"collection":[{"href":"https:\/\/hagamoslumbre.org\/index.php\/wp-json\/wp\/v2\/pages"}],"about":[{"href":"https:\/\/hagamoslumbre.org\/index.php\/wp-json\/wp\/v2\/types\/page"}],"author":[{"embeddable":true,"href":"https:\/\/hagamoslumbre.org\/index.php\/wp-json\/wp\/v2\/users\/2"}],"replies":[{"embeddable":true,"href":"https:\/\/hagamoslumbre.org\/index.php\/wp-json\/wp\/v2\/comments?post=235"}],"version-history":[{"count":6,"href":"https:\/\/hagamoslumbre.org\/index.php\/wp-json\/wp\/v2\/pages\/235\/revisions"}],"predecessor-version":[{"id":347,"href":"https:\/\/hagamoslumbre.org\/index.php\/wp-json\/wp\/v2\/pages\/235\/revisions\/347"}],"wp:attachment":[{"href":"https:\/\/hagamoslumbre.org\/index.php\/wp-json\/wp\/v2\/media?parent=235"}],"curies":[{"name":"wp","href":"https:\/\/api.w.org\/{rel}","templated":true}]}}