{"id":231,"date":"2023-02-08T20:56:05","date_gmt":"2023-02-08T20:56:05","guid":{"rendered":"https:\/\/hagamoslumbre.org\/?page_id=231"},"modified":"2023-02-08T20:56:05","modified_gmt":"2023-02-08T20:56:05","slug":"polvo-de-gallo","status":"publish","type":"page","link":"https:\/\/hagamoslumbre.org\/index.php\/polvo-de-gallo\/","title":{"rendered":"Polvo de Gallo"},"content":{"rendered":"\n<p>Ficci\u00f3n | M\u00e9xico | 2021 | 62 min. l B-15.<\/p>\n\n\n\n<figure class=\"wp-block-image size-large\"><img loading=\"lazy\" decoding=\"async\" width=\"682\" height=\"1024\" src=\"https:\/\/hagamoslumbre.org\/wp-content\/uploads\/2023\/02\/Polvo-de-Gallo-poster-by-Chisa-Tanaka-682x1024.jpeg\" alt=\"\" class=\"wp-image-232\" srcset=\"https:\/\/hagamoslumbre.org\/wp-content\/uploads\/2023\/02\/Polvo-de-Gallo-poster-by-Chisa-Tanaka-682x1024.jpeg 682w, https:\/\/hagamoslumbre.org\/wp-content\/uploads\/2023\/02\/Polvo-de-Gallo-poster-by-Chisa-Tanaka-200x300.jpeg 200w, https:\/\/hagamoslumbre.org\/wp-content\/uploads\/2023\/02\/Polvo-de-Gallo-poster-by-Chisa-Tanaka-768x1152.jpeg 768w, https:\/\/hagamoslumbre.org\/wp-content\/uploads\/2023\/02\/Polvo-de-Gallo-poster-by-Chisa-Tanaka.jpeg 853w\" sizes=\"auto, (max-width: 682px) 100vw, 682px\" \/><\/figure>\n\n\n\n<p><\/p>\n\n\n\n<p><br><strong>Ganador del \u00cdcaro Centroamericano 2022, \u201cMejor montaje\u201d, \u201cMejor dise\u00f1o de vestuario\u201d.<\/strong><\/p>\n\n\n\n<figure class=\"wp-block-embed is-type-video is-provider-youtube wp-block-embed-youtube wp-embed-aspect-16-9 wp-has-aspect-ratio\"><div class=\"wp-block-embed__wrapper\">\n<iframe loading=\"lazy\" title=\"Polvo de Gallo - Trailer\" width=\"525\" height=\"295\" src=\"https:\/\/www.youtube.com\/embed\/N-wA_ZgZFqM?feature=oembed\" frameborder=\"0\" allow=\"accelerometer; autoplay; clipboard-write; encrypted-media; gyroscope; picture-in-picture; web-share\" referrerpolicy=\"strict-origin-when-cross-origin\" allowfullscreen><\/iframe>\n<\/div><\/figure>\n\n\n\n<p>Huachindango es una peque\u00f1a capital de un peque\u00f1o pa\u00eds centroamericano. En esta ciudad es obligatorio que las mujeres ingresen en distintos momentos de su vida a unas habitaciones administradas por \u201cEl Sistema\u201d, donde sufren distintos tipos de agresi\u00f3n sexual. Ninguna mujer de Huachindango se salva de entrar, en uno o varios momentos de su vida, a estas habitaciones. Hay una habitaci\u00f3n que es la m\u00e1s temida de todas: Polvo de Gallo.<\/p>\n\n\n\n<p>Dirigida por | Directed by: Julio L\u00f3pez Fern\u00e1ndez<br>Gui\u00f3n | Screenplay: Julio L\u00f3pez Fern\u00e1ndez, Paola Miranda, Egly Larreynaga, Paola Miranda, Alicia Chong<br>Productores | Producers: Julio L\u00f3pez Fern\u00e1ndez, Luna Mar\u00e1n, Sof\u00eda G\u00f3mez C\u00f3rdova<br>Reparto | Cast: Paola Miranda, Egly Larreynaga, Paola Miranda, Alicia Chong, C\u00e9sar Pineda.<br>Cinefotograf\u00eda | Cinematography: Meme Flores<br>Direcci\u00f3n de arte | Production design: Gabriela Novoa<br>Montaje | Editing: Sof\u00eda G\u00f3mez C\u00f3rdova, Julio L\u00f3pez Fern\u00e1ndez, Roy Santoyo<br>M\u00fasica | Music: ANAN<br>Dise\u00f1o de sonido | Sound design: Od\u00edn Acosta<\/p>\n","protected":false},"excerpt":{"rendered":"<p>Ficci\u00f3n | M\u00e9xico | 2021 | 62 min. l B-15. Ganador del \u00cdcaro Centroamericano 2022, \u201cMejor montaje\u201d, \u201cMejor dise\u00f1o de vestuario\u201d. Huachindango es una peque\u00f1a capital de un peque\u00f1o pa\u00eds centroamericano. En esta ciudad es obligatorio que las mujeres ingresen en distintos momentos de su vida a unas habitaciones administradas por \u201cEl Sistema\u201d, donde sufren &hellip; <\/p>\n<p class=\"link-more\"><a href=\"https:\/\/hagamoslumbre.org\/index.php\/polvo-de-gallo\/\" class=\"more-link\">Continuar leyendo<span class=\"screen-reader-text\"> &#8220;Polvo de Gallo&#8221;<\/span><\/a><\/p>\n","protected":false},"author":2,"featured_media":0,"parent":0,"menu_order":0,"comment_status":"closed","ping_status":"closed","template":"","meta":{"footnotes":""},"class_list":["post-231","page","type-page","status-publish","hentry"],"_links":{"self":[{"href":"https:\/\/hagamoslumbre.org\/index.php\/wp-json\/wp\/v2\/pages\/231","targetHints":{"allow":["GET"]}}],"collection":[{"href":"https:\/\/hagamoslumbre.org\/index.php\/wp-json\/wp\/v2\/pages"}],"about":[{"href":"https:\/\/hagamoslumbre.org\/index.php\/wp-json\/wp\/v2\/types\/page"}],"author":[{"embeddable":true,"href":"https:\/\/hagamoslumbre.org\/index.php\/wp-json\/wp\/v2\/users\/2"}],"replies":[{"embeddable":true,"href":"https:\/\/hagamoslumbre.org\/index.php\/wp-json\/wp\/v2\/comments?post=231"}],"version-history":[{"count":1,"href":"https:\/\/hagamoslumbre.org\/index.php\/wp-json\/wp\/v2\/pages\/231\/revisions"}],"predecessor-version":[{"id":233,"href":"https:\/\/hagamoslumbre.org\/index.php\/wp-json\/wp\/v2\/pages\/231\/revisions\/233"}],"wp:attachment":[{"href":"https:\/\/hagamoslumbre.org\/index.php\/wp-json\/wp\/v2\/media?parent=231"}],"curies":[{"name":"wp","href":"https:\/\/api.w.org\/{rel}","templated":true}]}}