{"id":178,"date":"2022-05-31T18:38:39","date_gmt":"2022-05-31T18:38:39","guid":{"rendered":"http:\/\/hagamoslumbre.org\/?page_id=178"},"modified":"2023-01-12T20:10:16","modified_gmt":"2023-01-12T20:10:16","slug":"tio-yim","status":"publish","type":"page","link":"https:\/\/hagamoslumbre.org\/index.php\/tio-yim\/","title":{"rendered":"T\u00edo Yim"},"content":{"rendered":"\n<p>Una inmersi\u00f3n en las entra\u00f1as de una familia marcada por luchas sociales, m\u00fasica y comunalidad.<\/p>\n\n\n\n<p>An immersion in the identity of a peculiar indigenous family shaped by social fights, music and communality. <\/p>\n\n\n\n<p class=\"has-text-align-center\"><strong>Una de las joyas ocultas del cine documental &#8211; <\/strong> BBC<\/p>\n\n\n\n<figure class=\"wp-block-image\"><img loading=\"lazy\" decoding=\"async\" width=\"717\" height=\"1024\" src=\"https:\/\/hagamoslumbre.org\/wp-content\/uploads\/2022\/05\/TioYim-Poster-WEB-con-laureles_FedericoZuvireCruz-717x1024.jpg\" alt=\"\" class=\"wp-image-179\" srcset=\"https:\/\/hagamoslumbre.org\/wp-content\/uploads\/2022\/05\/TioYim-Poster-WEB-con-laureles_FedericoZuvireCruz-717x1024.jpg 717w, https:\/\/hagamoslumbre.org\/wp-content\/uploads\/2022\/05\/TioYim-Poster-WEB-con-laureles_FedericoZuvireCruz-210x300.jpg 210w, https:\/\/hagamoslumbre.org\/wp-content\/uploads\/2022\/05\/TioYim-Poster-WEB-con-laureles_FedericoZuvireCruz-768x1097.jpg 768w, https:\/\/hagamoslumbre.org\/wp-content\/uploads\/2022\/05\/TioYim-Poster-WEB-con-laureles_FedericoZuvireCruz.jpg 1654w\" sizes=\"auto, (max-width: 717px) 100vw, 717px\" \/><\/figure>\n\n\n\n<p class=\"has-text-align-center\"><strong>\u201cLa vitalidad con que alguien se entrega al arte o al<br> activismo en ocasiones arroja una sombra sobre su<br> vida \u00edntima, relegada a un segundo plano<\/strong>&#8220;.<br> OJO DE AGUA<\/p>\n\n\n\n<p><\/p>\n\n\n\n<figure class=\"wp-block-embed is-type-video is-provider-youtube wp-block-embed-youtube wp-embed-aspect-16-9 wp-has-aspect-ratio\"><div class=\"wp-block-embed__wrapper\">\n<iframe loading=\"lazy\" title=\"T\u00edo Yim (Trailer)\" width=\"525\" height=\"295\" src=\"https:\/\/www.youtube.com\/embed\/gJYvE69iIVM?feature=oembed\" frameborder=\"0\" allow=\"accelerometer; autoplay; clipboard-write; encrypted-media; gyroscope; picture-in-picture; web-share\" referrerpolicy=\"strict-origin-when-cross-origin\" allowfullscreen><\/iframe>\n<\/div><\/figure>\n\n\n\n<p class=\"has-text-align-center\"><strong>\u201cEmocionante retrato familiar en la Sierra Norte de Oaxaca, la<br> \u00f3pera prima de Luna Mar\u00e1n es tambi\u00e9n una indagaci\u00f3n sutil en<br> la ra\u00edz de los afectos, la memoria filial y la identidad.\u201d<\/strong><br> Sergio Huidobro &#8211; SECTOR CINE<\/p>\n\n\n\n<figure class=\"wp-block-image\"><img loading=\"lazy\" decoding=\"async\" width=\"1024\" height=\"576\" src=\"https:\/\/hagamoslumbre.org\/wp-content\/uploads\/2022\/05\/TY_Still-08_LunaMaran-1024x576.jpg\" alt=\"\" class=\"wp-image-181\" srcset=\"https:\/\/hagamoslumbre.org\/wp-content\/uploads\/2022\/05\/TY_Still-08_LunaMaran-1024x576.jpg 1024w, https:\/\/hagamoslumbre.org\/wp-content\/uploads\/2022\/05\/TY_Still-08_LunaMaran-300x169.jpg 300w, https:\/\/hagamoslumbre.org\/wp-content\/uploads\/2022\/05\/TY_Still-08_LunaMaran-768x432.jpg 768w\" sizes=\"auto, (max-width: 767px) 89vw, (max-width: 1000px) 54vw, (max-width: 1071px) 543px, 580px\" \/><\/figure>\n\n\n\n<p class=\"has-text-align-center\"><strong>\u201cEl trabajo de Luna Mar\u00e1n es valiente. La franqueza y sensibilidad<br> con la que enfrenta a su padre es \u00fanica y refuerza la idea<br> que tiene de \u00e9l como un ser de fuerza comunal.\u201d<\/strong><br> GATOPARDO- Samantha Hern\u00e1ndez Escobar<\/p>\n\n\n\n<p>Documental | M\u00e9xico | 2019 | 82 min.l B-15.<br>Direcci\u00f3n: Luna Mar\u00e1n Gui\u00f3n: Luna Mar\u00e1n, Sof\u00eda G\u00f3mez C\u00f3rdova y Perlis L\u00f3pez Cinefotograf\u00eda: Luna Mar\u00e1n, Pablo Garc\u00eda Morales, Federico Zuvire Cruz                      <\/p>\n\n\n\n<p>M\u00fasica: Jaime Mart\u00ednez Luna, \u201cTrova Serrana\u201d, Joaqu\u00edn L\u00f3pez Chas                             <\/p>\n\n\n\n<p>Montaje: Sof\u00eda G\u00f3mez C\u00f3rdova, Perlis L\u00f3pez                                                        <\/p>\n\n\n\n<p> Producci\u00f3n:\u00a0Luna Mar\u00e1n, Sof\u00eda G\u00f3mez C\u00f3rdova, Inna Pay\u00e1n, Od\u00edn Acosta, Olivia Luengas.<\/p>\n\n\n\n<p class=\"has-text-align-center\"><strong>\u201cLuna Mar\u00e1n no s\u00f3lo cambia el lenguaje cinematogr\u00e1fico<br> sino que pone en duda las expectativas que<br> domestican nuestros afectos.\u201d<\/strong><br> Mariana Favela &#8211; FAVULAS<\/p>\n\n\n\n<p>Despu\u00e9s de 15 a\u00f1os de silencio y con la voz rota por el alcohol, T\u00edo Yim, cantautor, fil\u00f3sofo zapoteco, activista, compone una canci\u00f3n nueva canci\u00f3n sobre su tumultuosa vida. Pero esta vez la escribe con su familia y las visiones son contradictorias. Una inmersi\u00f3n en las entra\u00f1as de una familia marcada por la fiesta, la m\u00fasica y la comunalidad.<\/p>\n\n\n\n<p>Encouraged by his daughter and with a broken voice, Jaime Luna (Uncle Yim)  \u2013indigenous philosopher, social leader and singer songwriter\u2013, composes a new song about his tumultuous life after 15 years of silence. But this time he will do it with his family, so the memories and interpretations are contradictory and painful. Uncle Yim is an immersion in the identity of a peculiar family shaped by tradition, music and communality. <\/p>\n","protected":false},"excerpt":{"rendered":"<p>Una inmersi\u00f3n en las entra\u00f1as de una familia marcada por luchas sociales, m\u00fasica y comunalidad. An immersion in the identity of a peculiar indigenous family shaped by social fights, music and communality. Una de las joyas ocultas del cine documental &#8211; BBC \u201cLa vitalidad con que alguien se entrega al arte o al activismo en &hellip; <\/p>\n<p class=\"link-more\"><a href=\"https:\/\/hagamoslumbre.org\/index.php\/tio-yim\/\" class=\"more-link\">Continuar leyendo<span class=\"screen-reader-text\"> &#8220;T\u00edo Yim&#8221;<\/span><\/a><\/p>\n","protected":false},"author":2,"featured_media":0,"parent":0,"menu_order":0,"comment_status":"closed","ping_status":"closed","template":"","meta":{"footnotes":""},"class_list":["post-178","page","type-page","status-publish","hentry"],"_links":{"self":[{"href":"https:\/\/hagamoslumbre.org\/index.php\/wp-json\/wp\/v2\/pages\/178","targetHints":{"allow":["GET"]}}],"collection":[{"href":"https:\/\/hagamoslumbre.org\/index.php\/wp-json\/wp\/v2\/pages"}],"about":[{"href":"https:\/\/hagamoslumbre.org\/index.php\/wp-json\/wp\/v2\/types\/page"}],"author":[{"embeddable":true,"href":"https:\/\/hagamoslumbre.org\/index.php\/wp-json\/wp\/v2\/users\/2"}],"replies":[{"embeddable":true,"href":"https:\/\/hagamoslumbre.org\/index.php\/wp-json\/wp\/v2\/comments?post=178"}],"version-history":[{"count":4,"href":"https:\/\/hagamoslumbre.org\/index.php\/wp-json\/wp\/v2\/pages\/178\/revisions"}],"predecessor-version":[{"id":218,"href":"https:\/\/hagamoslumbre.org\/index.php\/wp-json\/wp\/v2\/pages\/178\/revisions\/218"}],"wp:attachment":[{"href":"https:\/\/hagamoslumbre.org\/index.php\/wp-json\/wp\/v2\/media?parent=178"}],"curies":[{"name":"wp","href":"https:\/\/api.w.org\/{rel}","templated":true}]}}