{"id":126,"date":"2021-08-24T00:45:53","date_gmt":"2021-08-24T00:45:53","guid":{"rendered":"http:\/\/hagamoslumbre.org\/?page_id=126"},"modified":"2025-10-26T01:07:49","modified_gmt":"2025-10-26T01:07:49","slug":"chicharras","status":"publish","type":"page","link":"https:\/\/hagamoslumbre.org\/index.php\/chicharras\/","title":{"rendered":"Chicharras"},"content":{"rendered":"\n<p><em><strong>Premio Mejor<\/strong> presencia colectiva en la Mostra Internacional de Cine en Belo Horizonte; <strong>Menci\u00f3n honor\u00edfica <\/strong>del premio Abraccine que otorga la asociaci\u00f3n brasile\u00f1a de Cr\u00edticos de Cine<\/em>.<\/p>\n\n\n\n<div style=\"padding:56.25% 0 0 0;position:relative;\"><iframe src=\"https:\/\/player.vimeo.com\/video\/957464583?badge=0&amp;autopause=0&amp;player_id=0&amp;app_id=58479\" frameborder=\"0\" allow=\"autoplay; fullscreen; picture-in-picture; clipboard-write; encrypted-media\" style=\"position:absolute;top:0;left:0;width:100%;height:100%;\" title=\"CHICHARRAS (Trailer)\"><\/iframe><\/div><script src=\"https:\/\/player.vimeo.com\/api\/player.js\"><\/script>\n\n\n\n<ul class=\"wp-block-list\">\n<li>Selecci\u00f3n oficial &#8211; Festival Internacional de Cine de Morelia, 20 de octubre del 2024<\/li>\n\n\n\n<li>Funci\u00f3n de clausura del Festival El lugar que habitamos, Oaxaca noviembre 2024<\/li>\n\n\n\n<li>Selecci\u00f3n oficial &#8211; Festival Librecinema, M\u00e9rida, Yucat\u00e1n 2024<\/li>\n\n\n\n<li>Muestra Mujeres Realizadoras Ind\u00edgenas 2025<\/li>\n\n\n\n<li>Funci\u00f3n de inauguraci\u00f3n- Festival Internacional de Cine Independiente de la Ciudad de M\u00e9xico 2025.\u00a0<\/li>\n\n\n\n<li>M\u00e9xico hoy &amp; la Isla tortuga y m\u00e1s all\u00e1 &#8211; Vancouver Latin American Film Festival 2025<\/li>\n\n\n\n<li>Muestra Mujeres en el Cine y la Televisi\u00f3n 2025<\/li>\n\n\n\n<li>19\u00b0Mostra Internacional de Cine en Belo Horizonte, Brasil.<\/li>\n\n\n\n<li>Funci\u00f3n Inaugural IndiFest Barcelona, Espa\u00f1a 2025<\/li>\n\n\n\n<li>Muestra Exhibir tambi\u00e9n es hacer cine, Guanajuato, 2025<\/li>\n\n\n\n<li>Aniversario #infinito \u00c1rbol Rojo, Chetumal, 2025<\/li>\n\n\n\n<li>Aniversario \u00b07 de NayarLab, T\u00e9pic, 2025<\/li>\n<\/ul>\n\n\n\n<figure class=\"wp-block-gallery has-nested-images columns-default is-cropped wp-block-gallery-1 is-layout-flex wp-block-gallery-is-layout-flex\">\n<figure class=\"wp-block-image size-large\"><img loading=\"lazy\" decoding=\"async\" width=\"682\" height=\"1024\" data-id=\"305\" src=\"https:\/\/hagamoslumbre.org\/wp-content\/uploads\/2024\/09\/chicharras-poster-v5-baja-1-682x1024.png\" alt=\"\" class=\"wp-image-305\" srcset=\"https:\/\/hagamoslumbre.org\/wp-content\/uploads\/2024\/09\/chicharras-poster-v5-baja-1-682x1024.png 682w, https:\/\/hagamoslumbre.org\/wp-content\/uploads\/2024\/09\/chicharras-poster-v5-baja-1-200x300.png 200w, https:\/\/hagamoslumbre.org\/wp-content\/uploads\/2024\/09\/chicharras-poster-v5-baja-1-768x1152.png 768w, https:\/\/hagamoslumbre.org\/wp-content\/uploads\/2024\/09\/chicharras-poster-v5-baja-1-1024x1536.png 1024w, https:\/\/hagamoslumbre.org\/wp-content\/uploads\/2024\/09\/chicharras-poster-v5-baja-1-1365x2048.png 1365w\" sizes=\"auto, (max-width: 682px) 100vw, 682px\" \/><\/figure>\n<\/figure>\n\n\n\n<p>Sinopsis:<\/p>\n\n\n\n<p>Una comunidad tiene que tomar una decisi\u00f3n: Permitir o no la entrada a un proyecto que cambiar\u00e1 el futuro de la misma.<\/p>\n\n\n\n<pre class=\"wp-block-code\"><code><\/code><\/pre>\n\n\n\n<figure class=\"wp-block-image size-large\"><img loading=\"lazy\" decoding=\"async\" width=\"1024\" height=\"541\" src=\"https:\/\/hagamoslumbre.org\/wp-content\/uploads\/2024\/09\/CH_Still_Robin-1024x541.png\" alt=\"\" class=\"wp-image-311\" srcset=\"https:\/\/hagamoslumbre.org\/wp-content\/uploads\/2024\/09\/CH_Still_Robin-1024x541.png 1024w, https:\/\/hagamoslumbre.org\/wp-content\/uploads\/2024\/09\/CH_Still_Robin-300x159.png 300w, https:\/\/hagamoslumbre.org\/wp-content\/uploads\/2024\/09\/CH_Still_Robin-768x406.png 768w, https:\/\/hagamoslumbre.org\/wp-content\/uploads\/2024\/09\/CH_Still_Robin-1536x812.png 1536w, https:\/\/hagamoslumbre.org\/wp-content\/uploads\/2024\/09\/CH_Still_Robin.png 1986w\" sizes=\"auto, (max-width: 767px) 89vw, (max-width: 1000px) 54vw, (max-width: 1071px) 543px, 580px\" \/><figcaption class=\"wp-element-caption\">El empresario<\/figcaption><\/figure>\n\n\n\n<p><strong>FICHA T\u00c9CNICA<\/strong><\/p>\n\n\n\n<p>T\u00edtulo:\u00a0 CHICHARRAS<br>T\u00edtulo en ingl\u00e9s: Cicadas<br>Largometraje o cortometraje: Ficci\u00f3n<br>Pa\u00eds(es): M\u00e9xico<br>A\u00f1o de producci\u00f3n: 2024<br>A\u00f1o de rodaje: 2022<br>\u00d3pera prima (si o no): S\u00ed.<br>Duraci\u00f3n : 88 min<br>G\u00e9nero: drama<br>Idioma(s): Espa\u00f1ol, Zapoteco<br>Lengua(s) originaria(s): Zapoteco<br>Subt\u00edtulos disponibles: Ingl\u00e9s<br>Clasificaci\u00f3n: A<br>Formato de proyecci\u00f3n (35 mm, DCP, blu-ray, etc.): DCP \/ blu-ray<br>Formato 2 (color, blanco y negro, color b\/n, etc.): Color<br>Formato de sonido: 5.1<br>Relaci\u00f3n de aspecto: 1.85:1<br>C\u00e1mara: Black Magic Pocket Cinema 4K<\/p>\n\n\n\n<p><strong>CR\u00c9DITOS<\/strong><\/p>\n\n\n\n<figure class=\"wp-block-gallery has-nested-images columns-default is-cropped wp-block-gallery-2 is-layout-flex wp-block-gallery-is-layout-flex\">\n<figure class=\"wp-block-image size-large\"><img loading=\"lazy\" decoding=\"async\" width=\"1024\" height=\"540\" data-id=\"312\" src=\"https:\/\/hagamoslumbre.org\/wp-content\/uploads\/2024\/09\/Ch_Stiil_Abuelos-1024x540.png\" alt=\"\" class=\"wp-image-312\" srcset=\"https:\/\/hagamoslumbre.org\/wp-content\/uploads\/2024\/09\/Ch_Stiil_Abuelos-1024x540.png 1024w, https:\/\/hagamoslumbre.org\/wp-content\/uploads\/2024\/09\/Ch_Stiil_Abuelos-300x158.png 300w, https:\/\/hagamoslumbre.org\/wp-content\/uploads\/2024\/09\/Ch_Stiil_Abuelos-768x405.png 768w, https:\/\/hagamoslumbre.org\/wp-content\/uploads\/2024\/09\/Ch_Stiil_Abuelos-1536x810.png 1536w, https:\/\/hagamoslumbre.org\/wp-content\/uploads\/2024\/09\/Ch_Stiil_Abuelos.png 1840w\" sizes=\"auto, (max-width: 767px) 89vw, (max-width: 1000px) 54vw, (max-width: 1071px) 543px, 580px\" \/><\/figure>\n<figcaption class=\"blocks-gallery-caption wp-element-caption\">El concejo de ancianos<\/figcaption><\/figure>\n\n\n\n<p>Yuli(38) es la Topila (polic\u00eda auxiliar) de San Pablo Begu\u00b4, una comunidad serrana en Oaxaca donde los habitantes de forma rotativa asumen las responsabilidades de autogobierno de forma honoraria <em>(Comunalidad<\/em>) a la par que realizan sus actividades laborales y personales.&nbsp;<\/p>\n\n\n\n<p>En la entrada del pueblo retiene a un conjunto de maquinarias que intentan instalarse en la comunidad para comenzar la obra de una carretera de cuatro carriles. Al dar aviso ninguna autoridad est\u00e1 enterada y la comunidad entra en alerta. San Pablo Beg\u00fa tendr\u00e1 que decidir si acepta o no el proyecto carretero.<\/p>\n\n\n\n<figure class=\"wp-block-image size-large\"><img loading=\"lazy\" decoding=\"async\" width=\"1024\" height=\"685\" src=\"https:\/\/hagamoslumbre.org\/wp-content\/uploads\/2025\/10\/image00011-1024x685.jpeg\" alt=\"\" class=\"wp-image-446\" srcset=\"https:\/\/hagamoslumbre.org\/wp-content\/uploads\/2025\/10\/image00011-1024x685.jpeg 1024w, https:\/\/hagamoslumbre.org\/wp-content\/uploads\/2025\/10\/image00011-300x201.jpeg 300w, https:\/\/hagamoslumbre.org\/wp-content\/uploads\/2025\/10\/image00011-768x513.jpeg 768w, https:\/\/hagamoslumbre.org\/wp-content\/uploads\/2025\/10\/image00011.jpeg 1080w\" sizes=\"auto, (max-width: 767px) 89vw, (max-width: 1000px) 54vw, (max-width: 1071px) 543px, 580px\" \/><\/figure>\n\n\n\n<p>Direcci\u00f3n: Luna Mar\u00e1n<br>Producci\u00f3n: Luna Mar\u00e1n, Casandra Casasola, Erik Baeza, Pablo M\u00e1rquez<br>Compa\u00f1\u00eda(s) productora(s): YI Hagamos Lumbre, Guelatao de Ju\u00e1rez, Sinfoko Films, Laboratorio Experimental de Cine, Grupo Crisara, Pulque Films, Pagamos, Crearte, Oa Sonido, Cuma, 2 Margaritas.&nbsp;<br>Guion: Luna Mar\u00e1n, Julio L\u00f3pez Fern\u00e1ndez, Nicol\u00e1s Rojas S\u00e1nchez, Rosalinda Dionicio, Jenny Garc\u00eda, Ernesto Mart\u00ednez L\u00f3pez, Yuliana Berenice Mart\u00ednez Andr\u00e9s<br>Adaptaci\u00f3n: N\/A<br>Basado en una idea de: N\/A<br>Versi\u00f3n libre de: N\/A<br>Fotograf\u00eda: Casandra Casasola<br>Edici\u00f3n: Luna Mar\u00e1n &amp; Nicol\u00e1s Rojas S\u00e1nchez<br>M\u00fasica: Eduardo D\u00edaz M\u00e9ndez, Pablo M\u00e1rquez, Luis Eduardo Cruz R\u00edos \u201cRey Coyote\u201d, Pablo Emmanuel V\u00e1squez P\u00e9rez, V\u00edctor Robinson, Trova Serrana, Didey Cruz<br>Sonido directo: Eleazar Garc\u00eda<br>Dise\u00f1ador de Sonido: Od\u00edn Acosta, Marco Salaverr\u00eda<br>Direcci\u00f3n de arte: Pablo M\u00e1rquez<br>Decoraci\u00f3n: Sofia Solis, Jair Casasola, Pablo M\u00e1rquez<br>Utiler\u00eda: Sofia Solis, Jair Casasola, Pablo M\u00e1rquez<br>Dise\u00f1o de vestuario: Yuliana Berenice Mart\u00ednez Andr\u00e9s, Alejandro Morales Fabi\u00e1n, Edmundo Garc\u00eda Hern\u00e1ndez, Ernesto Mart\u00ednez L\u00f3pez, Gustavo L\u00f3pez Mendoza, Jenny Garc\u00eda, Joaqu\u00edn Yesm\u00e1s, Obed Santiago, Uciel Benjam\u00edn Santiago Pablo, V\u00edctor Robinson.<br>Dise\u00f1o de maquillaje: Yuliana Berenice Mart\u00ednez Andr\u00e9s, Alejandro Morales Fabi\u00e1n, Edmundo Garc\u00eda Hern\u00e1ndez, Ernesto Mart\u00ednez L\u00f3pez, Gustavo L\u00f3pez Mendoza, Jenny Garc\u00eda, Joaqu\u00edn Yesm\u00e1s, Obed Santiago, Uciel Benjam\u00edn Santiago Pablo, V\u00edctor Robinson.<br>Director de casting: Luna Mar\u00e1n<br>Postproductor: Luna Mar\u00e1n<br>Colorista: Casandra Casasola<br>Foto fija: Casandra Casasola, Sof\u00eda Solis, Daniel V\u00e1zquez<br>Locaci\u00f3n (especificar ciudad, estado, pa\u00eds): Guelatao de Ju\u00e1rez, Oaxaca, M\u00e9xico<br>Reparto principal:<br>Yuliana Berenice Mart\u00ednez Andr\u00e9s, Jenny Garc\u00eda, Ernesto Mart\u00ednez L\u00f3pez, Uciel Benjam\u00edn Santiago Pablo, Obed Santiago, V\u00edctor Robinson, Alejandro Morales Fabi\u00e1n, Edmundo Garc\u00eda Hern\u00e1ndez, Joaqu\u00edn Yesmar, Gustavo L\u00f3pez Mendoza, Javi Melendez, Samantha Guadalupe Santiago Reyes<\/p>\n\n\n\n<figure class=\"wp-block-image size-large\"><img loading=\"lazy\" decoding=\"async\" width=\"1024\" height=\"684\" src=\"https:\/\/hagamoslumbre.org\/wp-content\/uploads\/2025\/10\/LIN7597-1024x684.jpeg\" alt=\"\" class=\"wp-image-445\" srcset=\"https:\/\/hagamoslumbre.org\/wp-content\/uploads\/2025\/10\/LIN7597-1024x684.jpeg 1024w, https:\/\/hagamoslumbre.org\/wp-content\/uploads\/2025\/10\/LIN7597-300x200.jpeg 300w, https:\/\/hagamoslumbre.org\/wp-content\/uploads\/2025\/10\/LIN7597-768x513.jpeg 768w, https:\/\/hagamoslumbre.org\/wp-content\/uploads\/2025\/10\/LIN7597-1536x1026.jpeg 1536w, https:\/\/hagamoslumbre.org\/wp-content\/uploads\/2025\/10\/LIN7597-2048x1368.jpeg 2048w\" sizes=\"auto, (max-width: 767px) 89vw, (max-width: 1000px) 54vw, (max-width: 1071px) 543px, 580px\" \/><\/figure>\n","protected":false},"excerpt":{"rendered":"<p>Premio Mejor presencia colectiva en la Mostra Internacional de Cine en Belo Horizonte; Menci\u00f3n honor\u00edfica del premio Abraccine que otorga la asociaci\u00f3n brasile\u00f1a de Cr\u00edticos de Cine. Sinopsis: Una comunidad tiene que tomar una decisi\u00f3n: Permitir o no la entrada a un proyecto que cambiar\u00e1 el futuro de la misma. FICHA T\u00c9CNICA T\u00edtulo:\u00a0 CHICHARRAST\u00edtulo en &hellip; <\/p>\n<p class=\"link-more\"><a href=\"https:\/\/hagamoslumbre.org\/index.php\/chicharras\/\" class=\"more-link\">Continuar leyendo<span class=\"screen-reader-text\"> &#8220;Chicharras&#8221;<\/span><\/a><\/p>\n","protected":false},"author":2,"featured_media":0,"parent":0,"menu_order":0,"comment_status":"closed","ping_status":"closed","template":"","meta":{"footnotes":""},"class_list":["post-126","page","type-page","status-publish","hentry"],"_links":{"self":[{"href":"https:\/\/hagamoslumbre.org\/index.php\/wp-json\/wp\/v2\/pages\/126","targetHints":{"allow":["GET"]}}],"collection":[{"href":"https:\/\/hagamoslumbre.org\/index.php\/wp-json\/wp\/v2\/pages"}],"about":[{"href":"https:\/\/hagamoslumbre.org\/index.php\/wp-json\/wp\/v2\/types\/page"}],"author":[{"embeddable":true,"href":"https:\/\/hagamoslumbre.org\/index.php\/wp-json\/wp\/v2\/users\/2"}],"replies":[{"embeddable":true,"href":"https:\/\/hagamoslumbre.org\/index.php\/wp-json\/wp\/v2\/comments?post=126"}],"version-history":[{"count":27,"href":"https:\/\/hagamoslumbre.org\/index.php\/wp-json\/wp\/v2\/pages\/126\/revisions"}],"predecessor-version":[{"id":447,"href":"https:\/\/hagamoslumbre.org\/index.php\/wp-json\/wp\/v2\/pages\/126\/revisions\/447"}],"wp:attachment":[{"href":"https:\/\/hagamoslumbre.org\/index.php\/wp-json\/wp\/v2\/media?parent=126"}],"curies":[{"name":"wp","href":"https:\/\/api.w.org\/{rel}","templated":true}]}}