{"id":12,"date":"2019-06-26T22:09:40","date_gmt":"2019-06-26T22:09:40","guid":{"rendered":"http:\/\/hagamoslumbre.org\/?page_id=12"},"modified":"2023-01-13T16:56:51","modified_gmt":"2023-01-13T16:56:51","slug":"a-homepage-section","status":"publish","type":"page","link":"https:\/\/hagamoslumbre.org\/index.php\/a-homepage-section\/","title":{"rendered":"Nuestra Historia"},"content":{"rendered":"\n<p>Guelatao es una comunidad que ha sido espacio para el uso de las herramientas de comunicaci\u00f3n, esta experiencia ha sembrado en nuevas generaciones la pasi\u00f3n por la imagen propia,&nbsp; desde ah\u00ed y cosechando la historia local retomamos para comunicar qui\u00e9nes somos y los horizontes que so\u00f1amos.&nbsp;<br><\/p>\n\n\n\n<p>Este equipo multidisciplinario, mutante, temporal y diverso, cuenta con m\u00e1s de 25 a\u00f1os de experiencia en producci\u00f3n de cine y audiovisual con incidencia social. Los colaboradores llegan, caminan, siembran, cosechan, emprenden otros caminos, algunos regresaran con la nueva primavera, otros desde otras latitudes seguir\u00e1n alimentando la conversaci\u00f3n.\u00a0<\/p>\n\n\n\n<p>Hemos aprendido al hacer historias como el largometraje documental T\u00edo Yim (seleccionado en Ambulante, BBC REEL), videoclips y audiovisuales para Lila Downs (2008-2019). Tuyuku (Ahuehuete) 2019, Premio Ojo a Cortometraje Documental Mexicano en el 18\u00ba FICM. \u00d1uu kanda (Pueblo en movimiento) 2020. Hemos sido part\u00edcipes de proyectos como: Campamento Audiovisual Itinerante, Aqu\u00ed Cine, Agenda Guelatao, Cine Too, Bechi Loi, entre otros.&nbsp;&nbsp;<br><\/p>\n\n\n\n<figure class=\"wp-block-image is-resized\"><img loading=\"lazy\" decoding=\"async\" src=\"https:\/\/hagamoslumbre.org\/wp-content\/uploads\/2021\/02\/mu\u0301sicaparadespuesdedormir.jpg\" alt=\"\" class=\"wp-image-61\" width=\"638\" height=\"426\" srcset=\"https:\/\/hagamoslumbre.org\/wp-content\/uploads\/2021\/02\/mu\u0301sicaparadespuesdedormir.jpg 512w, https:\/\/hagamoslumbre.org\/wp-content\/uploads\/2021\/02\/mu\u0301sicaparadespuesdedormir-300x200.jpg 300w\" sizes=\"auto, (max-width: 638px) 100vw, 638px\" \/><figcaption>Musica para despu\u00e9s de dormir, 2013 Dir. Nicol\u00e1s Rojas<\/figcaption><\/figure>\n\n\n\n<p class=\"has-text-align-center\"><strong>Cosechas |&nbsp; Bit\u00e1cora de siembras pasadas<\/strong><br><\/p>\n\n\n\n<p><strong>JEQO<\/strong><\/p>\n\n\n\n<p>Espacio colectivo de aprendizaje mutuo de cine comunitario feminista.<br><\/p>\n\n\n\n<p><strong>Taller: del argumento al gui\u00f3n<\/strong><\/p>\n\n\n\n<p>Laura Santullo durante la pandemia del 2020 reuni\u00f3 a narradores para acompa\u00f1ar sus procesos de escritura.<br><\/p>\n\n\n\n<p><strong>Mirando al Futuro<\/strong><\/p>\n\n\n\n<p>Luna Mar\u00e1n en coordinaci\u00f3n con BBC REEL convoca a personas entre&nbsp; 15 y 19 a\u00f1os para hacer una pel\u00edcula juntxs.<br><\/p>\n\n\n\n<p><strong>Cine Too Lab<\/strong><\/p>\n\n\n\n<p>Espacio de aprendizaje y desarrollo de proyectos que convoca a j\u00f3venes de toda la rep\u00fablica para pensar y hacer pel\u00edculas comunitarias.<br><\/p>\n\n\n\n<p><strong>Fiesta de Arte y Comunalidad<\/strong><\/p>\n\n\n\n<p>Durante 3\u00a0 a\u00f1os\u00a0 convocamos artistas a intervenir y celebrar nuestro trabajo desde la comunalidad.<br><\/p>\n\n\n\n<p><strong>Campamento Audiovisual Itinerante<\/strong><\/p>\n\n\n\n<p>Durante una d\u00e9cada reunimos a j\u00f3venes de diferentes culturas a contar historias con sentido comunitario.<\/p>\n","protected":false},"excerpt":{"rendered":"<p>Guelatao es una comunidad que ha sido espacio para el uso de las herramientas de comunicaci\u00f3n, esta experiencia ha sembrado en nuevas generaciones la pasi\u00f3n por la imagen propia,&nbsp; desde ah\u00ed y cosechando la historia local retomamos para comunicar qui\u00e9nes somos y los horizontes que so\u00f1amos.&nbsp; Este equipo multidisciplinario, mutante, temporal y diverso, cuenta con &hellip; <\/p>\n<p class=\"link-more\"><a href=\"https:\/\/hagamoslumbre.org\/index.php\/a-homepage-section\/\" class=\"more-link\">Continuar leyendo<span class=\"screen-reader-text\"> &#8220;Nuestra Historia&#8221;<\/span><\/a><\/p>\n","protected":false},"author":1,"featured_media":41,"parent":0,"menu_order":0,"comment_status":"closed","ping_status":"closed","template":"","meta":{"footnotes":""},"class_list":["post-12","page","type-page","status-publish","has-post-thumbnail","hentry"],"_links":{"self":[{"href":"https:\/\/hagamoslumbre.org\/index.php\/wp-json\/wp\/v2\/pages\/12","targetHints":{"allow":["GET"]}}],"collection":[{"href":"https:\/\/hagamoslumbre.org\/index.php\/wp-json\/wp\/v2\/pages"}],"about":[{"href":"https:\/\/hagamoslumbre.org\/index.php\/wp-json\/wp\/v2\/types\/page"}],"author":[{"embeddable":true,"href":"https:\/\/hagamoslumbre.org\/index.php\/wp-json\/wp\/v2\/users\/1"}],"replies":[{"embeddable":true,"href":"https:\/\/hagamoslumbre.org\/index.php\/wp-json\/wp\/v2\/comments?post=12"}],"version-history":[{"count":4,"href":"https:\/\/hagamoslumbre.org\/index.php\/wp-json\/wp\/v2\/pages\/12\/revisions"}],"predecessor-version":[{"id":228,"href":"https:\/\/hagamoslumbre.org\/index.php\/wp-json\/wp\/v2\/pages\/12\/revisions\/228"}],"wp:featuredmedia":[{"embeddable":true,"href":"https:\/\/hagamoslumbre.org\/index.php\/wp-json\/wp\/v2\/media\/41"}],"wp:attachment":[{"href":"https:\/\/hagamoslumbre.org\/index.php\/wp-json\/wp\/v2\/media?parent=12"}],"curies":[{"name":"wp","href":"https:\/\/api.w.org\/{rel}","templated":true}]}}