{"id":105,"date":"2021-08-23T23:25:06","date_gmt":"2021-08-23T23:25:06","guid":{"rendered":"http:\/\/hagamoslumbre.org\/?page_id=105"},"modified":"2024-09-24T18:22:41","modified_gmt":"2024-09-24T18:22:41","slug":"la-revuelta","status":"publish","type":"page","link":"https:\/\/hagamoslumbre.org\/index.php\/a-homepage-section\/la-revuelta\/","title":{"rendered":"La Revuelta"},"content":{"rendered":"\n<figure class=\"wp-block-image size-large\"><img loading=\"lazy\" decoding=\"async\" width=\"683\" height=\"1024\" src=\"https:\/\/hagamoslumbre.org\/wp-content\/uploads\/2023\/01\/LR_Poster_2022-683x1024.png\" alt=\"\" class=\"wp-image-215\" srcset=\"https:\/\/hagamoslumbre.org\/wp-content\/uploads\/2023\/01\/LR_Poster_2022-683x1024.png 683w, https:\/\/hagamoslumbre.org\/wp-content\/uploads\/2023\/01\/LR_Poster_2022-200x300.png 200w, https:\/\/hagamoslumbre.org\/wp-content\/uploads\/2023\/01\/LR_Poster_2022-768x1151.png 768w, https:\/\/hagamoslumbre.org\/wp-content\/uploads\/2023\/01\/LR_Poster_2022.png 982w\" sizes=\"auto, (max-width: 683px) 100vw, 683px\" \/><\/figure>\n\n\n\n<figure class=\"wp-block-embed is-type-rich is-provider-gestor-del-servicio wp-block-embed-gestor-del-servicio wp-embed-aspect-16-9 wp-has-aspect-ratio\"><div class=\"wp-block-embed__wrapper\">\n<iframe loading=\"lazy\" title=\"LA REVUELTA | TRAILER\" width=\"525\" height=\"295\" src=\"https:\/\/www.youtube.com\/embed\/bp_cM2J6vro?feature=oembed\" frameborder=\"0\" allow=\"accelerometer; autoplay; clipboard-write; encrypted-media; gyroscope; picture-in-picture; web-share\" referrerpolicy=\"strict-origin-when-cross-origin\" allowfullscreen><\/iframe>\n<\/div><\/figure>\n\n\n\n<p><br><strong>Sinopsis<\/strong><\/p>\n\n\n\n<p>Un viaje para redescubrir la gran apuesta de cincuenta a\u00f1os de vida y activismo feminista de un grupo de mujeres unidas para hacer una revuelta y ver los cambios en las nuevas generaciones.<\/p>\n\n\n\n<figure class=\"wp-block-image\"><img loading=\"lazy\" decoding=\"async\" width=\"1024\" height=\"811\" src=\"https:\/\/hagamoslumbre.org\/wp-content\/uploads\/2021\/02\/Captura-de-Pantalla-2021-01-06-a-las-16.28.22-1024x811.png\" alt=\"\" class=\"wp-image-60\" srcset=\"https:\/\/hagamoslumbre.org\/wp-content\/uploads\/2021\/02\/Captura-de-Pantalla-2021-01-06-a-las-16.28.22-1024x811.png 1024w, https:\/\/hagamoslumbre.org\/wp-content\/uploads\/2021\/02\/Captura-de-Pantalla-2021-01-06-a-las-16.28.22-300x238.png 300w, https:\/\/hagamoslumbre.org\/wp-content\/uploads\/2021\/02\/Captura-de-Pantalla-2021-01-06-a-las-16.28.22-768x608.png 768w\" sizes=\"auto, (max-width: 767px) 89vw, (max-width: 1000px) 54vw, (max-width: 1071px) 543px, 580px\" \/><figcaption>2022<\/figcaption><\/figure>\n\n\n\n<p>T\u00edtulo en espa\u00f1ol: La Revuelta<br> T\u00edtulo en ingl\u00e9s: The Revolt<br> G\u00e9nero: Documental<br> Subgenero: &nbsp;N\/A<br> Clasificaci\u00f3n ( por edad): +15<br> Formato de sonido: &nbsp;5.1<br> Formato de proyecci\u00f3n: DCP, Blu-ray, archivo digital .mov<br> Mascarilla de protecci\u00f3n: 16:9<br> Color \/ Blanco o negro: Color<br> Pa\u00eds: M\u00e9xico<br> A\u00f1o de producci\u00f3n: 2020<br> A\u00f1o de \u00a9: 2021<br> Duraci\u00f3n: 83&nbsp; min&nbsp; 18 seg<br> Di\u00e1logos&nbsp; e idioma: Espa\u00f1ol, Portuges, Ingl\u00e9s<br> C\u00e1mara: 7D Canon, NIkon z6, Sony A7Sii<br> Lente utilizado ( tipo y marca): Canon Serie L<br> Aspect Ratio: 16:9<\/p>\n\n\n\n<p>Direcci\u00f3n: &nbsp;Lucero Gonz\u00e1lez<br>Gui\u00f3n : Lucero Gonz\u00e1lez, Luna Mar\u00e1n <br>Productor ejecutivo: Lucero Gonz\u00e1lez, Luna Mar\u00e1n<br>Fotograf\u00eda:  Luna Mar\u00e1n<br>Sonido Directo: Luna Mar\u00e1n<br>Dise\u00f1ador de Sonido: Aldonza Contreras<br>Supervisor de Sonido: Od\u00edn Acosta A.M.S.C.<br>M\u00fasica: ANAN<\/p>\n\n\n\n<p>Edici\u00f3n:  Lucero Gonz\u00e1lez, Luna Mar\u00e1n <br>Postproductor: Luna Mar\u00e1n <br>Colorista: Casandra Casasola<br>Fotos Fijas: Lucero Gonz\u00e1lez, Luna Mar\u00e1n <br>Reparto: Eli Bartra, Maria Brumm, Chela Cervantes, Lucero Gonz\u00e1lez, Dominique Guillemet, Indra Olavarrieta <br>Animaci\u00f3n: Carolina Ib\u00e1\u00f1ez, Chisa Tanaka<\/p>\n\n\n\n<p>Producci\u00f3n: Lucero Gonz\u00e1lez, Luna Mar\u00e1n, Casandra Casasola, Od\u00edn Acosta, Aldonza Contreras<\/p>\n\n\n\n<p>Compa\u00f1\u00eda (s) Productora (s):<br> Museo de Mujeres Artistas <br> YI #HagamosLumbre <br> Sin Foko Films <br> OA Sonido<br> Hom\u00ednido  <\/p>\n\n\n\n<p><\/p>\n\n\n\n<p><\/p>\n","protected":false},"excerpt":{"rendered":"<p>Sinopsis Un viaje para redescubrir la gran apuesta de cincuenta a\u00f1os de vida y activismo feminista de un grupo de mujeres unidas para hacer una revuelta y ver los cambios en las nuevas generaciones. T\u00edtulo en espa\u00f1ol: La Revuelta T\u00edtulo en ingl\u00e9s: The Revolt G\u00e9nero: Documental Subgenero: &nbsp;N\/A Clasificaci\u00f3n ( por edad): +15 Formato de &hellip; <\/p>\n<p class=\"link-more\"><a href=\"https:\/\/hagamoslumbre.org\/index.php\/a-homepage-section\/la-revuelta\/\" class=\"more-link\">Continuar leyendo<span class=\"screen-reader-text\"> &#8220;La Revuelta&#8221;<\/span><\/a><\/p>\n","protected":false},"author":2,"featured_media":0,"parent":12,"menu_order":0,"comment_status":"closed","ping_status":"closed","template":"","meta":{"footnotes":""},"class_list":["post-105","page","type-page","status-publish","hentry"],"_links":{"self":[{"href":"https:\/\/hagamoslumbre.org\/index.php\/wp-json\/wp\/v2\/pages\/105","targetHints":{"allow":["GET"]}}],"collection":[{"href":"https:\/\/hagamoslumbre.org\/index.php\/wp-json\/wp\/v2\/pages"}],"about":[{"href":"https:\/\/hagamoslumbre.org\/index.php\/wp-json\/wp\/v2\/types\/page"}],"author":[{"embeddable":true,"href":"https:\/\/hagamoslumbre.org\/index.php\/wp-json\/wp\/v2\/users\/2"}],"replies":[{"embeddable":true,"href":"https:\/\/hagamoslumbre.org\/index.php\/wp-json\/wp\/v2\/comments?post=105"}],"version-history":[{"count":11,"href":"https:\/\/hagamoslumbre.org\/index.php\/wp-json\/wp\/v2\/pages\/105\/revisions"}],"predecessor-version":[{"id":339,"href":"https:\/\/hagamoslumbre.org\/index.php\/wp-json\/wp\/v2\/pages\/105\/revisions\/339"}],"up":[{"embeddable":true,"href":"https:\/\/hagamoslumbre.org\/index.php\/wp-json\/wp\/v2\/pages\/12"}],"wp:attachment":[{"href":"https:\/\/hagamoslumbre.org\/index.php\/wp-json\/wp\/v2\/media?parent=105"}],"curies":[{"name":"wp","href":"https:\/\/api.w.org\/{rel}","templated":true}]}}